{"id":98,"date":"2018-07-11T10:20:51","date_gmt":"2018-07-11T10:20:51","guid":{"rendered":"https:\/\/cpllanca.cat\/?page_id=98"},"modified":"2019-11-18T12:22:24","modified_gmt":"2019-11-18T12:22:24","slug":"organigrama","status":"publish","type":"page","link":"https:\/\/cpllanca.cat\/index.php\/organigrama\/","title":{"rendered":"Organigrama"},"content":{"rendered":"\t\t<div data-elementor-type=\"wp-post\" data-elementor-id=\"98\" class=\"elementor elementor-98\" data-elementor-settings=\"[]\">\n\t\t\t\t\t\t<div class=\"elementor-inner\">\n\t\t\t\t\t\t\t<div class=\"elementor-section-wrap\">\n\t\t\t\t\t\t\t<section class=\"elementor-section elementor-top-section elementor-element elementor-element-e83a814 elementor-section-boxed elementor-section-height-default elementor-section-height-default\" data-id=\"e83a814\" data-element_type=\"section\">\n\t\t\t\t\t\t<div class=\"elementor-container elementor-column-gap-default\">\n\t\t\t\t\t\t\t<div class=\"elementor-row\">\n\t\t\t\t\t<div class=\"elementor-column elementor-col-100 elementor-top-column elementor-element elementor-element-36996df\" data-id=\"36996df\" data-element_type=\"column\">\n\t\t\t<div class=\"elementor-column-wrap elementor-element-populated\">\n\t\t\t\t\t\t\t<div class=\"elementor-widget-wrap\">\n\t\t\t\t\t\t<div class=\"elementor-element elementor-element-0eddd57 elementor-widget elementor-widget-text-editor\" data-id=\"0eddd57\" data-element_type=\"widget\" data-widget_type=\"text-editor.default\">\n\t\t\t\t<div class=\"elementor-widget-container\">\n\t\t\t\t\t\t\t\t<div class=\"elementor-text-editor elementor-clearfix\">\n\t\t\t\t<p>Els c\u00e0rrecs dels \u00f2rgans de govern de la Confraria, seran elegits mitjan\u00e7ant sufragi universal, lliure, directe i secret. En tot cas, als \u00f2rgans col\u00b7legiats, es mantindr\u00e0 la paritat entre els representants dels armadors i dels treballadors, i la proporcionalitat entre els diferents sectors.<\/p><p>(Article 20.- Dels Estatuts \u2013Llei 22\/2002 de 12 de juliol, de confraries de pescadors)<\/p>\t\t\t\t\t<\/div>\n\t\t\t\t\t\t<\/div>\n\t\t\t\t<\/div>\n\t\t\t\t\t\t<\/div>\n\t\t\t\t\t<\/div>\n\t\t<\/div>\n\t\t\t\t\t\t\t\t<\/div>\n\t\t\t\t\t<\/div>\n\t\t<\/section>\n\t\t\t\t<section class=\"elementor-section elementor-top-section elementor-element elementor-element-4879619 elementor-section-boxed elementor-section-height-default elementor-section-height-default\" data-id=\"4879619\" data-element_type=\"section\">\n\t\t\t\t\t\t<div class=\"elementor-container elementor-column-gap-default\">\n\t\t\t\t\t\t\t<div class=\"elementor-row\">\n\t\t\t\t\t<div class=\"elementor-column elementor-col-50 elementor-top-column elementor-element elementor-element-8f94cbb\" data-id=\"8f94cbb\" data-element_type=\"column\">\n\t\t\t<div class=\"elementor-column-wrap elementor-element-populated\">\n\t\t\t\t\t\t\t<div class=\"elementor-widget-wrap\">\n\t\t\t\t\t\t<div class=\"elementor-element elementor-element-ea49f84 elementor-widget elementor-widget-heading\" data-id=\"ea49f84\" data-element_type=\"widget\" data-widget_type=\"heading.default\">\n\t\t\t\t<div class=\"elementor-widget-container\">\n\t\t\t<h2 class=\"elementor-heading-title elementor-size-default\">Composici\u00f3 del Cap\u00edtol<\/h2>\t\t<\/div>\n\t\t\t\t<\/div>\n\t\t\t\t<div class=\"elementor-element elementor-element-e6ee4a8 elementor-widget elementor-widget-text-editor\" data-id=\"e6ee4a8\" data-element_type=\"widget\" data-widget_type=\"text-editor.default\">\n\t\t\t\t<div class=\"elementor-widget-container\">\n\t\t\t\t\t\t\t\t<div class=\"elementor-text-editor elementor-clearfix\">\n\t\t\t\t<p>Eleccions 2016 (Ordre ARP\/237\/2016, de 29 d\u2019agost, per la qual es convoquen eleccions per a la provisi\u00f3 dels c\u00e0rrecs als \u00f2rgans de govern de les confraries de pescadors, de les seves federacions territorials i de la Federaci\u00f3 Nacional Catalana de Confraries de Pescadors)<\/p><p style=\"text-align: center;\">\u00a0<\/p>\t\t\t\t\t<\/div>\n\t\t\t\t\t\t<\/div>\n\t\t\t\t<\/div>\n\t\t\t\t<div class=\"elementor-element elementor-element-ccf89e2 elementor-widget elementor-widget-image\" data-id=\"ccf89e2\" data-element_type=\"widget\" data-widget_type=\"image.default\">\n\t\t\t\t<div class=\"elementor-widget-container\">\n\t\t\t\t\t\t\t\t<div class=\"elementor-image\">\n\t\t\t\t\t\t\t\t\t<figure class=\"wp-caption\">\n\t\t\t\t\t\t\t\t\t\t<img width=\"266\" height=\"300\" src=\"https:\/\/cpllanca.cat\/wp-content\/uploads\/2018\/07\/IMG_20170616_123146-266x300.jpg\" class=\"attachment-medium size-medium\" alt=\"\" loading=\"lazy\" srcset=\"https:\/\/cpllanca.cat\/wp-content\/uploads\/2018\/07\/IMG_20170616_123146-266x300.jpg 266w, https:\/\/cpllanca.cat\/wp-content\/uploads\/2018\/07\/IMG_20170616_123146-768x866.jpg 768w, https:\/\/cpllanca.cat\/wp-content\/uploads\/2018\/07\/IMG_20170616_123146-908x1024.jpg 908w, https:\/\/cpllanca.cat\/wp-content\/uploads\/2018\/07\/IMG_20170616_123146.jpg 1138w\" sizes=\"(max-width: 266px) 100vw, 266px\" \/>\t\t\t\t\t\t\t\t\t\t\t<figcaption class=\"widget-image-caption wp-caption-text\">Jordi Fulcar\u00e0 i Mayn\u00e9 - Patr\u00f3 Major<\/figcaption>\n\t\t\t\t\t\t\t\t\t\t<\/figure>\n\t\t\t\t\t\t\t\t<\/div>\n\t\t\t\t\t\t<\/div>\n\t\t\t\t<\/div>\n\t\t\t\t<div class=\"elementor-element elementor-element-650ff2e elementor-widget elementor-widget-text-editor\" data-id=\"650ff2e\" data-element_type=\"widget\" data-widget_type=\"text-editor.default\">\n\t\t\t\t<div class=\"elementor-widget-container\">\n\t\t\t\t\t\t\t\t<div class=\"elementor-text-editor elementor-clearfix\">\n\t\t\t\t<p style=\"text-align: center;\">Vice-president primer (President de l\u2019Agrupaci\u00f3 de Treballadors)<\/p><p style=\"text-align: center;\"><strong>Joan Batlle i Masdeu<\/strong><\/p><p style=\"text-align: center;\">Vocals (en representaci\u00f3 dels armadors de r\u00f2ssec)<\/p><p style=\"text-align: center;\"><strong>Jaume Garriga i Casademont<\/strong><\/p><p style=\"text-align: center;\"><strong>Jos\u00e9 Ram\u00f3n P\u00e9rez i Serran<\/strong><\/p><p style=\"text-align: center;\">Vocal (en representaci\u00f3 dels treballadors de r\u00f2ssec)<\/p><p style=\"text-align: center;\"><strong>Joan Pag\u00e9s i Cervera<\/strong><\/p><p style=\"text-align: center;\">Secretari (e.f.)<\/p><p style=\"text-align: center;\"><strong>Rafael Borr\u00e0s i Garcia.<\/strong><\/p>\t\t\t\t\t<\/div>\n\t\t\t\t\t\t<\/div>\n\t\t\t\t<\/div>\n\t\t\t\t\t\t<\/div>\n\t\t\t\t\t<\/div>\n\t\t<\/div>\n\t\t\t\t<div class=\"elementor-column elementor-col-50 elementor-top-column elementor-element elementor-element-0e47220\" data-id=\"0e47220\" data-element_type=\"column\">\n\t\t\t<div class=\"elementor-column-wrap elementor-element-populated\">\n\t\t\t\t\t\t\t<div class=\"elementor-widget-wrap\">\n\t\t\t\t\t\t<div class=\"elementor-element elementor-element-2e4bfe2 elementor-widget elementor-widget-heading\" data-id=\"2e4bfe2\" data-element_type=\"widget\" data-widget_type=\"heading.default\">\n\t\t\t\t<div class=\"elementor-widget-container\">\n\t\t\t<h2 class=\"elementor-heading-title elementor-size-default\">Composici\u00f3 de la Junta General<\/h2>\t\t<\/div>\n\t\t\t\t<\/div>\n\t\t\t\t<div class=\"elementor-element elementor-element-36d1455 elementor-widget elementor-widget-text-editor\" data-id=\"36d1455\" data-element_type=\"widget\" data-widget_type=\"text-editor.default\">\n\t\t\t\t<div class=\"elementor-widget-container\">\n\t\t\t\t\t\t\t\t<div class=\"elementor-text-editor elementor-clearfix\">\n\t\t\t\t<p><strong>Agrupaci\u00f3 d\u2019Armadors:<\/strong><\/p><ul><li>Jordi Fulcara i Mayn\u00e9 (Patr\u00f3 Major)<\/li><li>Jos\u00e9 Ramon P\u00e9rez i Serran<\/li><li>Jaume Caball i Tarres<\/li><li>Xavier Roquer i Cardoner<\/li><li>Jaume Garriga i Casademont\u00a0<\/li><li>Santiago Pag\u00e9s i Vil\u00e0\u00a0<\/li><li>Jes\u00fas L\u00f3pez i Mallol\u00a0<\/li><li>Jordi Triad\u00fa i Rodr\u00edguez\u00a0<\/li><li>Xavier Granollers i Calduch\u00a0<\/li><li>Salvador Fulcar\u00e0 i Ferr\u00e9<\/li><\/ul><p><strong>Agrupaci\u00f3 de Treballadors:<\/strong><\/p><ul><li>Joan Batlle i Masdeu (Vice-president primer)\u00a0<\/li><li>Lluis Cardoner i Garcia\u00a0<\/li><li>Joan Pag\u00e9s i Cervera\u00a0<\/li><li>David Pujol i Cervera\u00a0\u00a0<\/li><li>Josep Olivet Sol\u00e0\u00a0<\/li><li>Erik Javier Ipanaque Nunton\u00a0<\/li><li>Jordi Granollers i Triad\u00fa\u00a0<\/li><li>Albert Mart\u00ednez i Negre\u00a0<\/li><\/ul>\t\t\t\t\t<\/div>\n\t\t\t\t\t\t<\/div>\n\t\t\t\t<\/div>\n\t\t\t\t\t\t<\/div>\n\t\t\t\t\t<\/div>\n\t\t<\/div>\n\t\t\t\t\t\t\t\t<\/div>\n\t\t\t\t\t<\/div>\n\t\t<\/section>\n\t\t\t\t\t\t<\/div>\n\t\t\t\t\t\t<\/div>\n\t\t\t\t\t<\/div>\n\t\t","protected":false},"excerpt":{"rendered":"<p>Els c\u00e0rrecs dels \u00f2rgans de govern de la Confraria, seran elegits mitjan\u00e7ant sufragi universal, lliure, directe i secret. En tot cas, als \u00f2rgans col\u00b7legiats, es mantindr\u00e0 la paritat entre els representants dels armadors i dels treballadors, i la proporcionalitat entre els diferents sectors. (Article 20.- Dels Estatuts \u2013Llei 22\/2002 de 12 de juliol, de confraries <a class=\"read-more\" href=\"https:\/\/cpllanca.cat\/index.php\/organigrama\/\">Read More<\/a><\/p>\n","protected":false},"author":1,"featured_media":0,"parent":0,"menu_order":0,"comment_status":"closed","ping_status":"closed","template":"","meta":[],"_links":{"self":[{"href":"https:\/\/cpllanca.cat\/index.php\/wp-json\/wp\/v2\/pages\/98"}],"collection":[{"href":"https:\/\/cpllanca.cat\/index.php\/wp-json\/wp\/v2\/pages"}],"about":[{"href":"https:\/\/cpllanca.cat\/index.php\/wp-json\/wp\/v2\/types\/page"}],"author":[{"embeddable":true,"href":"https:\/\/cpllanca.cat\/index.php\/wp-json\/wp\/v2\/users\/1"}],"replies":[{"embeddable":true,"href":"https:\/\/cpllanca.cat\/index.php\/wp-json\/wp\/v2\/comments?post=98"}],"version-history":[{"count":9,"href":"https:\/\/cpllanca.cat\/index.php\/wp-json\/wp\/v2\/pages\/98\/revisions"}],"predecessor-version":[{"id":734,"href":"https:\/\/cpllanca.cat\/index.php\/wp-json\/wp\/v2\/pages\/98\/revisions\/734"}],"wp:attachment":[{"href":"https:\/\/cpllanca.cat\/index.php\/wp-json\/wp\/v2\/media?parent=98"}],"curies":[{"name":"wp","href":"https:\/\/api.w.org\/{rel}","templated":true}]}}