{"id":96,"date":"2018-07-11T10:20:38","date_gmt":"2018-07-11T10:20:38","guid":{"rendered":"https:\/\/cpllanca.cat\/?page_id=96"},"modified":"2018-07-31T12:30:30","modified_gmt":"2018-07-31T12:30:30","slug":"historia","status":"publish","type":"page","link":"https:\/\/cpllanca.cat\/index.php\/historia\/","title":{"rendered":"Hist\u00f2ria"},"content":{"rendered":"\t\t<div data-elementor-type=\"wp-post\" data-elementor-id=\"96\" class=\"elementor elementor-96 elementor-bc-flex-widget\" data-elementor-settings=\"[]\">\n\t\t\t\t\t\t<div class=\"elementor-inner\">\n\t\t\t\t\t\t\t<div class=\"elementor-section-wrap\">\n\t\t\t\t\t\t\t<section class=\"elementor-section elementor-top-section elementor-element elementor-element-4d53018 elementor-section-boxed elementor-section-height-default elementor-section-height-default\" data-id=\"4d53018\" data-element_type=\"section\">\n\t\t\t\t\t\t<div class=\"elementor-container elementor-column-gap-default\">\n\t\t\t\t\t\t\t<div class=\"elementor-row\">\n\t\t\t\t\t<div class=\"elementor-column elementor-col-100 elementor-top-column elementor-element elementor-element-78c8d37\" data-id=\"78c8d37\" data-element_type=\"column\">\n\t\t\t<div class=\"elementor-column-wrap elementor-element-populated\">\n\t\t\t\t\t\t\t<div class=\"elementor-widget-wrap\">\n\t\t\t\t\t\t<div class=\"elementor-element elementor-element-b34aaac elementor-arrows-position-outside elementor-widget elementor-widget-image-carousel\" data-id=\"b34aaac\" data-element_type=\"widget\" data-settings=\"{&quot;slides_to_show&quot;:&quot;1&quot;,&quot;navigation&quot;:&quot;arrows&quot;,&quot;pause_on_hover&quot;:&quot;no&quot;,&quot;autoplay&quot;:&quot;yes&quot;,&quot;pause_on_interaction&quot;:&quot;yes&quot;,&quot;autoplay_speed&quot;:5000,&quot;infinite&quot;:&quot;yes&quot;,&quot;effect&quot;:&quot;slide&quot;,&quot;speed&quot;:500}\" data-widget_type=\"image-carousel.default\">\n\t\t\t\t<div class=\"elementor-widget-container\">\n\t\t\t\t\t<div class=\"elementor-image-carousel-wrapper swiper-container\" dir=\"ltr\">\n\t\t\t<div class=\"elementor-image-carousel swiper-wrapper\">\n\t\t\t\t\t\t\t\t<div class=\"swiper-slide\"><figure class=\"swiper-slide-inner\"><img class=\"swiper-slide-image\" src=\"https:\/\/cpllanca.cat\/wp-content\/uploads\/elementor\/thumbs\/1-psadjv8pgpdka5ocsruhbfr3w3eorne31ae89f5vgo.png\" alt=\"1\" \/><\/figure><\/div><div class=\"swiper-slide\"><figure class=\"swiper-slide-inner\"><img class=\"swiper-slide-image\" src=\"https:\/\/cpllanca.cat\/wp-content\/uploads\/elementor\/thumbs\/2-psadjv8pgpdka5ocsruhbfr3w3eorne31ae89f5vgo.png\" alt=\"2\" \/><\/figure><\/div><div class=\"swiper-slide\"><figure class=\"swiper-slide-inner\"><img class=\"swiper-slide-image\" src=\"https:\/\/cpllanca.cat\/wp-content\/uploads\/elementor\/thumbs\/3-psadjv8pgpdka5ocsruhbfr3w3eorne31ae89f5vgo.png\" alt=\"3\" \/><\/figure><\/div><div class=\"swiper-slide\"><figure class=\"swiper-slide-inner\"><img class=\"swiper-slide-image\" src=\"https:\/\/cpllanca.cat\/wp-content\/uploads\/elementor\/thumbs\/4-psadjv8pgpdka5ocsruhbfr3w3eorne31ae89f5vgo.png\" alt=\"4\" \/><\/figure><\/div><div class=\"swiper-slide\"><figure class=\"swiper-slide-inner\"><img class=\"swiper-slide-image\" src=\"https:\/\/cpllanca.cat\/wp-content\/uploads\/elementor\/thumbs\/5-psadjv8pgpdka5ocsruhbfr3w3eorne31ae89f5vgo.png\" alt=\"5\" \/><\/figure><\/div><div class=\"swiper-slide\"><figure class=\"swiper-slide-inner\"><img class=\"swiper-slide-image\" src=\"https:\/\/cpllanca.cat\/wp-content\/uploads\/elementor\/thumbs\/6-psadjv8pgpdka5ocsruhbfr3w3eorne31ae89f5vgo.png\" alt=\"6\" \/><\/figure><\/div><div class=\"swiper-slide\"><figure class=\"swiper-slide-inner\"><img class=\"swiper-slide-image\" src=\"https:\/\/cpllanca.cat\/wp-content\/uploads\/elementor\/thumbs\/7-psadjv8pgpdka5ocsruhbfr3w3eorne31ae89f5vgo.png\" alt=\"7\" \/><\/figure><\/div><div class=\"swiper-slide\"><figure class=\"swiper-slide-inner\"><img class=\"swiper-slide-image\" src=\"https:\/\/cpllanca.cat\/wp-content\/uploads\/elementor\/thumbs\/8-psadjv8pgpdka5ocsruhbfr3w3eorne31ae89f5vgo.png\" alt=\"8\" \/><\/figure><\/div><div class=\"swiper-slide\"><figure class=\"swiper-slide-inner\"><img class=\"swiper-slide-image\" src=\"https:\/\/cpllanca.cat\/wp-content\/uploads\/elementor\/thumbs\/10-psadjv8pgpdka5ocsruhbfr3w3eorne31ae89f5vgo.png\" alt=\"10\" \/><\/figure><\/div><div class=\"swiper-slide\"><figure class=\"swiper-slide-inner\"><img class=\"swiper-slide-image\" src=\"https:\/\/cpllanca.cat\/wp-content\/uploads\/elementor\/thumbs\/11-psadjv8pgpdka5ocsruhbfr3w3eorne31ae89f5vgo.png\" alt=\"11\" \/><\/figure><\/div><div class=\"swiper-slide\"><figure class=\"swiper-slide-inner\"><img class=\"swiper-slide-image\" src=\"https:\/\/cpllanca.cat\/wp-content\/uploads\/elementor\/thumbs\/12-psadjv8pgpdka5ocsruhbfr3w3eorne31ae89f5vgo.png\" alt=\"12\" \/><\/figure><\/div>\t\t\t<\/div>\n\t\t\t\t\t\t\t\t\t\t\t\t\t\t\t\t<div class=\"elementor-swiper-button elementor-swiper-button-prev\">\n\t\t\t\t\t\t<i aria-hidden=\"true\" class=\"eicon-chevron-left\"><\/i>\t\t\t\t\t\t<span class=\"elementor-screen-only\">Anterior<\/span>\n\t\t\t\t\t<\/div>\n\t\t\t\t\t<div class=\"elementor-swiper-button elementor-swiper-button-next\">\n\t\t\t\t\t\t<i aria-hidden=\"true\" class=\"eicon-chevron-right\"><\/i>\t\t\t\t\t\t<span class=\"elementor-screen-only\">Siguiente<\/span>\n\t\t\t\t\t<\/div>\n\t\t\t\t\t\t\t\t\t<\/div>\n\t\t\t\t<\/div>\n\t\t\t\t<\/div>\n\t\t\t\t\t\t<\/div>\n\t\t\t\t\t<\/div>\n\t\t<\/div>\n\t\t\t\t\t\t\t\t<\/div>\n\t\t\t\t\t<\/div>\n\t\t<\/section>\n\t\t\t\t<section class=\"elementor-section elementor-top-section elementor-element elementor-element-ca0a6e0 elementor-section-boxed elementor-section-height-default elementor-section-height-default\" data-id=\"ca0a6e0\" data-element_type=\"section\">\n\t\t\t\t\t\t<div class=\"elementor-container elementor-column-gap-default\">\n\t\t\t\t\t\t\t<div class=\"elementor-row\">\n\t\t\t\t\t<div class=\"elementor-column elementor-col-100 elementor-top-column elementor-element elementor-element-1d4f9ba\" data-id=\"1d4f9ba\" data-element_type=\"column\">\n\t\t\t<div class=\"elementor-column-wrap elementor-element-populated\">\n\t\t\t\t\t\t\t<div class=\"elementor-widget-wrap\">\n\t\t\t\t\t\t<div class=\"elementor-element elementor-element-b3d1354 elementor-widget elementor-widget-text-editor\" data-id=\"b3d1354\" data-element_type=\"widget\" data-widget_type=\"text-editor.default\">\n\t\t\t\t<div class=\"elementor-widget-container\">\n\t\t\t\t\t\t\t\t<div class=\"elementor-text-editor elementor-clearfix\">\n\t\t\t\t<p>Els P\u00f2sits, gremis, Societats o Confraries de Pescadors o Mariners daten del segle XI, o al menys tenim testimoni escrit d\u2019ells en aquest temps. Existeix const\u00e0ncia d\u2019aix\u00f2 en determinats documents que parlen d\u2019aquestes agrupacions del litoral catal\u00e0 i del basc-cant\u00e0bric. M\u00e9s recentment, apareixen en el Llibre del Consolat del Mar i en altres documents. Surten reglaments de pesca, de forma habitual, en el segle XVIII, com el de Vinar\u00f3s, de 1782, o el de Pesca i Navegaci\u00f3 de la Matr\u00edcula de Matar\u00f3, de 1763.<\/p><p>Aquestes associacions de pescadors, que despr\u00e9s de la Guerra Civil espanyola passaren a denominar-se Confraries, i que la Generalitat anomena P\u00f2sits, agrupen els patrons i treballadors de la mar, per tal de desenvolupar de manera efica\u00e7 el seu treball i millorar-lo, tant socialment com econ\u00f2micament, aix\u00ed com per assegurar-se ajuda en cas de necessitat. El funcionament o filosofia \u00e9s semblant als dels antics gremis artesanals o, modernament, al de les cooperatives.<\/p><p>En el cas del P\u00f2sit de Llan\u00e7\u00e0, els documents m\u00e9s antics que figuren al seu arxiu s\u00f3n el trasllat d\u2019un plet entre el Rvd. Abat i Cap\u00edtol de Monjos del monestir de Sant Pere de Rodes i els Gremis del Mar del Port de la Selva i de la vila de Llan\u00e7\u00e0 i, per altra banda, els Reglaments de la Societat de Pescadors del Port de Llan\u00e7\u00e0 a 1920 i 1926. En l\u2019actualitat , el P\u00f2sit t\u00e9 el seu domicili social al Moll Pesquer s\/n i anteriorment l\u2019havia tingut al carrer castellar, 15, a la Casa del Mar, edifici de serveis socials constru\u00eft per l\u2019Institut Social de la Marina, en el solar cedit pel propi P\u00f2sit. A conseq\u00fc\u00e8ncia del rejoveniment de la Junta a partir de l\u2019any 1974, aquest P\u00f2sit eleg\u00ed democr\u00e0ticament com a Patr\u00f3 Major en Joaquim Pi i Pujol, posteriorment han estat Patrons Majors en Jes\u00fas L\u00f3pez i Mallol, l\u2019Antoni Negre i Juventells i actualment ho es en Jordi Fulcar\u00e0 i Mayn\u00e9.<\/p>\t\t\t\t\t<\/div>\n\t\t\t\t\t\t<\/div>\n\t\t\t\t<\/div>\n\t\t\t\t\t\t<\/div>\n\t\t\t\t\t<\/div>\n\t\t<\/div>\n\t\t\t\t\t\t\t\t<\/div>\n\t\t\t\t\t<\/div>\n\t\t<\/section>\n\t\t\t\t\t\t<\/div>\n\t\t\t\t\t\t<\/div>\n\t\t\t\t\t<\/div>\n\t\t","protected":false},"excerpt":{"rendered":"<p>Els P\u00f2sits, gremis, Societats o Confraries de Pescadors o Mariners daten del segle XI, o al menys tenim testimoni escrit d\u2019ells en aquest temps. Existeix const\u00e0ncia d\u2019aix\u00f2 en determinats documents que parlen d\u2019aquestes agrupacions del litoral catal\u00e0 i del basc-cant\u00e0bric. M\u00e9s recentment, apareixen en el Llibre del Consolat del Mar i en altres documents. Surten <a class=\"read-more\" href=\"https:\/\/cpllanca.cat\/index.php\/historia\/\">Read More<\/a><\/p>\n","protected":false},"author":1,"featured_media":0,"parent":0,"menu_order":0,"comment_status":"closed","ping_status":"closed","template":"","meta":[],"_links":{"self":[{"href":"https:\/\/cpllanca.cat\/index.php\/wp-json\/wp\/v2\/pages\/96"}],"collection":[{"href":"https:\/\/cpllanca.cat\/index.php\/wp-json\/wp\/v2\/pages"}],"about":[{"href":"https:\/\/cpllanca.cat\/index.php\/wp-json\/wp\/v2\/types\/page"}],"author":[{"embeddable":true,"href":"https:\/\/cpllanca.cat\/index.php\/wp-json\/wp\/v2\/users\/1"}],"replies":[{"embeddable":true,"href":"https:\/\/cpllanca.cat\/index.php\/wp-json\/wp\/v2\/comments?post=96"}],"version-history":[{"count":2,"href":"https:\/\/cpllanca.cat\/index.php\/wp-json\/wp\/v2\/pages\/96\/revisions"}],"predecessor-version":[{"id":350,"href":"https:\/\/cpllanca.cat\/index.php\/wp-json\/wp\/v2\/pages\/96\/revisions\/350"}],"wp:attachment":[{"href":"https:\/\/cpllanca.cat\/index.php\/wp-json\/wp\/v2\/media?parent=96"}],"curies":[{"name":"wp","href":"https:\/\/api.w.org\/{rel}","templated":true}]}}