{"id":828,"date":"2023-09-13T15:34:58","date_gmt":"2023-09-13T15:34:58","guid":{"rendered":"https:\/\/cpllanca.cat\/?page_id=828"},"modified":"2023-09-13T15:52:12","modified_gmt":"2023-09-13T15:52:12","slug":"promocio-escamarla","status":"publish","type":"page","link":"https:\/\/cpllanca.cat\/index.php\/promocio-escamarla\/","title":{"rendered":"PROMOCI\u00d3 ESCAMARL\u00c0"},"content":{"rendered":"\t\t<div data-elementor-type=\"wp-page\" data-elementor-id=\"828\" class=\"elementor elementor-828\" data-elementor-settings=\"[]\">\n\t\t\t\t\t\t<div class=\"elementor-inner\">\n\t\t\t\t\t\t\t<div class=\"elementor-section-wrap\">\n\t\t\t\t\t\t\t<section class=\"elementor-section elementor-top-section elementor-element elementor-element-27b43a5 elementor-section-boxed elementor-section-height-default elementor-section-height-default\" data-id=\"27b43a5\" data-element_type=\"section\">\n\t\t\t\t\t\t<div class=\"elementor-container elementor-column-gap-default\">\n\t\t\t\t\t\t\t<div class=\"elementor-row\">\n\t\t\t\t\t<div class=\"elementor-column elementor-col-50 elementor-top-column elementor-element elementor-element-9011046\" data-id=\"9011046\" data-element_type=\"column\">\n\t\t\t<div class=\"elementor-column-wrap elementor-element-populated\">\n\t\t\t\t\t\t\t<div class=\"elementor-widget-wrap\">\n\t\t\t\t\t\t<div class=\"elementor-element elementor-element-61c4cb4 elementor-widget elementor-widget-image\" data-id=\"61c4cb4\" data-element_type=\"widget\" data-widget_type=\"image.default\">\n\t\t\t\t<div class=\"elementor-widget-container\">\n\t\t\t\t\t\t\t\t<div class=\"elementor-image\">\n\t\t\t\t\t\t\t\t\t\t\t\t<img width=\"724\" height=\"1024\" src=\"https:\/\/cpllanca.cat\/wp-content\/uploads\/2023\/09\/LESCAMARLA-DE-LLANCA_001-724x1024.png\" class=\"attachment-large size-large\" alt=\"\" loading=\"lazy\" srcset=\"https:\/\/cpllanca.cat\/wp-content\/uploads\/2023\/09\/LESCAMARLA-DE-LLANCA_001-724x1024.png 724w, https:\/\/cpllanca.cat\/wp-content\/uploads\/2023\/09\/LESCAMARLA-DE-LLANCA_001-212x300.png 212w, https:\/\/cpllanca.cat\/wp-content\/uploads\/2023\/09\/LESCAMARLA-DE-LLANCA_001-768x1087.png 768w, https:\/\/cpllanca.cat\/wp-content\/uploads\/2023\/09\/LESCAMARLA-DE-LLANCA_001-1085x1536.png 1085w, https:\/\/cpllanca.cat\/wp-content\/uploads\/2023\/09\/LESCAMARLA-DE-LLANCA_001.png 1190w\" sizes=\"(max-width: 724px) 100vw, 724px\" \/>\t\t\t\t\t\t\t\t\t\t\t\t\t\t<\/div>\n\t\t\t\t\t\t<\/div>\n\t\t\t\t<\/div>\n\t\t\t\t\t\t<\/div>\n\t\t\t\t\t<\/div>\n\t\t<\/div>\n\t\t\t\t<div class=\"elementor-column elementor-col-50 elementor-top-column elementor-element elementor-element-8f27a87\" data-id=\"8f27a87\" data-element_type=\"column\">\n\t\t\t<div class=\"elementor-column-wrap elementor-element-populated\">\n\t\t\t\t\t\t\t<div class=\"elementor-widget-wrap\">\n\t\t\t\t\t\t<div class=\"elementor-element elementor-element-6dde5b3 elementor-widget elementor-widget-text-editor\" data-id=\"6dde5b3\" data-element_type=\"widget\" data-widget_type=\"text-editor.default\">\n\t\t\t\t<div class=\"elementor-widget-container\">\n\t\t\t\t\t\t\t\t<div class=\"elementor-text-editor elementor-clearfix\">\n\t\t\t\t<p><b>L\u2019ESCAMARL\u00c0 ES PROMOCIONA COM A PRODUCTE ESTRELLA&nbsp;<span style=\"font-size: 15px;\">DE LLAN\u00c7\u00c0.<\/span><\/b><\/p>\n<p><span style=\"font-family: Lato, sans-serif; font-size: 15px; font-style: normal; font-weight: 300;\">Llan\u00e7\u00e0, 13 de setembre del 2023<\/span><\/p>\n<p>La Confraria de Pescadors i Ajuntament treballen conjuntament per promocionar aquest marisc.<span style=\"font-size: 15px;\"><br><\/span><\/p>\n<p><span style=\"font-size: 15px;\">El Consistori i la Confraria de Pescadors de Llan\u00e7\u00e0 van presentar el passat divendres 8 de setembre a la Casa Marly iniciatives que volen promocionar l\u2019Escamarl\u00e0 de Llan\u00e7\u00e0. Es tracta de tres projectes cofinan\u00e7ats pel Fons Europeu Mar\u00edtim i de la Pesca (FEMP), a trav\u00e9s del Grup d\u2019Acci\u00f3 Local Pesquer<\/span><\/p>\n<p>(GALP) de la Costa Brava, i el Departament d\u2019Acci\u00f3 Clim\u00e0tica, Alimentaci\u00f3 i Agenda Rural.<br>L\u2019acte de presentaci\u00f3 va comptar amb la participaci\u00f3 de la Sra. N\u00faria Escarpanter, Alcaldessa de Llan\u00e7\u00e0, el Sr. Jordi Fulcar\u00e0, Patr\u00f3 Major de la Confraria de Pescadors i President del GALP Costa Brava, i el Sr. Sergi Tudela, Director General de Pol\u00edtica Mar\u00edtima i Pesca Sostenible.<br>Les tres propostes s\u2019han executat durant el 2023 i consisteixen en tres projectes:<\/p>\n<p>&#8211; V\u00eddeo de la pesca de l\u2019escamarl\u00e0: presentaci\u00f3 del v\u00eddeo. Executat per la Confraria de Pescadors de Llan\u00e7\u00e0<br>&#8211; Pla estrat\u00e8gic de l\u2019escamarl\u00e0 de Llan\u00e7\u00e0. Executat per l\u2019Ajuntament de Llan\u00e7\u00e0<br>&#8211; La intel\u00b7lig\u00e8ncia artificial per a productes de llotja. Executat per l\u2019UPC.<\/p>\n<p>Amb el mateix objectiu: valoritzar l\u2019escamarl\u00e0 i posicionar-lo com un producte de caracter\u00edstiques excepcionals.<\/p>\n<p>Primer perqu\u00e8 Llan\u00e7\u00e0 \u00e9s l\u2019\u00fanic port que el pesca a partir de les 60 milles i all\u00e0 hi ha condicions oceanogr\u00e0fiques marines que fan que tingui la qualitat i el sabor que t\u00e9.<br>Segon perqu\u00e8 compleix amb la triple sostenibilitat: social, sustenta el sector pesquer local estrat\u00e8gic pel municipi, econ\u00f2mica, \u00e9s un producte de preu alt perqu\u00e8 l\u2019esfor\u00e7 de captura \u00e9s important, i ambiental, es pesca dos dies setmana a partir de les dues de la matinada, en un espai ordenat mantenint el calador on es pesca que est\u00e0 mig any tancat per tal que es regeneri l\u2019esp\u00e8cie. A m\u00e9s s\u2019han fet millores pel que fa a \u00fas de portes que no toquen el fons mar\u00ed i millores energ\u00e8tiques com algun vaixell que ha impulsat millores a proa per reduir les resist\u00e8ncies a l\u2019aigua i a la Confraria que fa poc s\u2019ha dotat amb sistemes de generaci\u00f3 electricitat amb plaques solars.<\/p>\n<p>La jornada va servir, segons el Patr\u00f3 Major de Llan\u00e7\u00e0, per \u201cdespertar consciencies i ser conscients del producte excepcional que pesquem\u201d i va venir arrodonida per la benvinguda de l\u2019Alcaldessa N\u00faria Escarpanter, la presentaci\u00f3 \u201cL\u2019escamarl\u00e0: el marisc que pesquem al Golf de Lle\u00f3 (biologia de l\u2019esp\u00e8cie), de la m\u00e0 d\u2019Irene \u00c0lvarez de Quevedo, i l\u2019exposici\u00f3 dels tres projectes: Pla estrat\u00e8gic de l\u2019escamarl\u00e0 de Llan\u00e7\u00e0, Presentaci\u00f3 de la intel\u00b7lig\u00e8ncia artificial per a productes de llotja, de la m\u00e0 del professor de l\u2019UPC, Vicen\u00e7 Paris\u00ed. El tancament el va fer el Patr\u00f3 Major que va recitar l\u2019Oda a l\u2019escamarl\u00e0 de Llan\u00e7\u00e0 i el DG de Pol\u00edtica Mar\u00edtima i Pesca Sostenible, Sergi Tudela.&nbsp;<\/p>\n<p>El Grup d\u2019Acci\u00f3 Local Pesquer Costa Brava (GALP CB), que treballa pel foment dels productes pesquers, ha donat suport a aquestes tres iniciatives at\u00e8s que amb un proc\u00e9s de concurr\u00e8ncia competitiva oberta van ser seleccionades juntament amb altres 28 que es van resoldre favorablement per a promoure el sector pesquer i l&#8217;economia Blava de la Costa Brava destinant aix\u00ed prop de 500.000 euros en projectes que els beneficiaris poden executar fins el 15 de setembre.<\/p>\t\t\t\t\t<\/div>\n\t\t\t\t\t\t<\/div>\n\t\t\t\t<\/div>\n\t\t\t\t\t\t<\/div>\n\t\t\t\t\t<\/div>\n\t\t<\/div>\n\t\t\t\t\t\t\t\t<\/div>\n\t\t\t\t\t<\/div>\n\t\t<\/section>\n\t\t\t\t<section class=\"elementor-section elementor-top-section elementor-element elementor-element-5dfcc95 elementor-section-boxed elementor-section-height-default elementor-section-height-default\" data-id=\"5dfcc95\" data-element_type=\"section\">\n\t\t\t\t\t\t<div class=\"elementor-container elementor-column-gap-default\">\n\t\t\t\t\t\t\t<div class=\"elementor-row\">\n\t\t\t\t\t<div class=\"elementor-column elementor-col-50 elementor-top-column elementor-element elementor-element-195182a\" data-id=\"195182a\" data-element_type=\"column\">\n\t\t\t<div class=\"elementor-column-wrap elementor-element-populated\">\n\t\t\t\t\t\t\t<div class=\"elementor-widget-wrap\">\n\t\t\t\t\t\t<div class=\"elementor-element elementor-element-c210298 elementor-widget elementor-widget-image\" data-id=\"c210298\" data-element_type=\"widget\" data-widget_type=\"image.default\">\n\t\t\t\t<div class=\"elementor-widget-container\">\n\t\t\t\t\t\t\t\t<div class=\"elementor-image\">\n\t\t\t\t\t\t\t\t\t\t\t\t<img width=\"800\" height=\"534\" src=\"https:\/\/cpllanca.cat\/wp-content\/uploads\/2023\/09\/FOTOGRUP_08_09_23.jpeg\" class=\"attachment-large size-large\" alt=\"\" loading=\"lazy\" srcset=\"https:\/\/cpllanca.cat\/wp-content\/uploads\/2023\/09\/FOTOGRUP_08_09_23.jpeg 800w, https:\/\/cpllanca.cat\/wp-content\/uploads\/2023\/09\/FOTOGRUP_08_09_23-300x200.jpeg 300w, https:\/\/cpllanca.cat\/wp-content\/uploads\/2023\/09\/FOTOGRUP_08_09_23-768x513.jpeg 768w\" sizes=\"(max-width: 800px) 100vw, 800px\" \/>\t\t\t\t\t\t\t\t\t\t\t\t\t\t<\/div>\n\t\t\t\t\t\t<\/div>\n\t\t\t\t<\/div>\n\t\t\t\t\t\t<\/div>\n\t\t\t\t\t<\/div>\n\t\t<\/div>\n\t\t\t\t<div class=\"elementor-column elementor-col-50 elementor-top-column elementor-element elementor-element-4b1a441\" data-id=\"4b1a441\" data-element_type=\"column\">\n\t\t\t<div class=\"elementor-column-wrap elementor-element-populated\">\n\t\t\t\t\t\t\t<div class=\"elementor-widget-wrap\">\n\t\t\t\t\t\t<div class=\"elementor-element elementor-element-68c33a8 elementor-widget elementor-widget-image\" data-id=\"68c33a8\" data-element_type=\"widget\" data-widget_type=\"image.default\">\n\t\t\t\t<div class=\"elementor-widget-container\">\n\t\t\t\t\t\t\t\t<div class=\"elementor-image\">\n\t\t\t\t\t\t\t\t\t\t\t\t<img width=\"800\" height=\"534\" src=\"https:\/\/cpllanca.cat\/wp-content\/uploads\/2023\/09\/FOTORANXO_08_09_23.jpeg\" class=\"attachment-large size-large\" alt=\"\" loading=\"lazy\" srcset=\"https:\/\/cpllanca.cat\/wp-content\/uploads\/2023\/09\/FOTORANXO_08_09_23.jpeg 800w, https:\/\/cpllanca.cat\/wp-content\/uploads\/2023\/09\/FOTORANXO_08_09_23-300x200.jpeg 300w, https:\/\/cpllanca.cat\/wp-content\/uploads\/2023\/09\/FOTORANXO_08_09_23-768x513.jpeg 768w\" sizes=\"(max-width: 800px) 100vw, 800px\" \/>\t\t\t\t\t\t\t\t\t\t\t\t\t\t<\/div>\n\t\t\t\t\t\t<\/div>\n\t\t\t\t<\/div>\n\t\t\t\t\t\t<\/div>\n\t\t\t\t\t<\/div>\n\t\t<\/div>\n\t\t\t\t\t\t\t\t<\/div>\n\t\t\t\t\t<\/div>\n\t\t<\/section>\n\t\t\t\t\t\t<\/div>\n\t\t\t\t\t\t<\/div>\n\t\t\t\t\t<\/div>\n\t\t","protected":false},"excerpt":{"rendered":"<p>L\u2019ESCAMARL\u00c0 ES PROMOCIONA COM A PRODUCTE ESTRELLA&nbsp;DE LLAN\u00c7\u00c0. Llan\u00e7\u00e0, 13 de setembre del 2023 La Confraria de Pescadors i Ajuntament treballen conjuntament per promocionar aquest marisc. El Consistori i la Confraria de Pescadors de Llan\u00e7\u00e0 van presentar el passat divendres 8 de setembre a la Casa Marly iniciatives que volen promocionar l\u2019Escamarl\u00e0 de Llan\u00e7\u00e0. Es <a class=\"read-more\" href=\"https:\/\/cpllanca.cat\/index.php\/promocio-escamarla\/\">Read More<\/a><\/p>\n","protected":false},"author":1,"featured_media":0,"parent":0,"menu_order":0,"comment_status":"closed","ping_status":"closed","template":"","meta":[],"_links":{"self":[{"href":"https:\/\/cpllanca.cat\/index.php\/wp-json\/wp\/v2\/pages\/828"}],"collection":[{"href":"https:\/\/cpllanca.cat\/index.php\/wp-json\/wp\/v2\/pages"}],"about":[{"href":"https:\/\/cpllanca.cat\/index.php\/wp-json\/wp\/v2\/types\/page"}],"author":[{"embeddable":true,"href":"https:\/\/cpllanca.cat\/index.php\/wp-json\/wp\/v2\/users\/1"}],"replies":[{"embeddable":true,"href":"https:\/\/cpllanca.cat\/index.php\/wp-json\/wp\/v2\/comments?post=828"}],"version-history":[{"count":17,"href":"https:\/\/cpllanca.cat\/index.php\/wp-json\/wp\/v2\/pages\/828\/revisions"}],"predecessor-version":[{"id":861,"href":"https:\/\/cpllanca.cat\/index.php\/wp-json\/wp\/v2\/pages\/828\/revisions\/861"}],"wp:attachment":[{"href":"https:\/\/cpllanca.cat\/index.php\/wp-json\/wp\/v2\/media?parent=828"}],"curies":[{"name":"wp","href":"https:\/\/api.w.org\/{rel}","templated":true}]}}