{"id":75,"date":"2018-07-11T10:08:12","date_gmt":"2018-07-11T10:08:12","guid":{"rendered":"https:\/\/cpllanca.cat\/?page_id=75"},"modified":"2018-08-08T10:26:11","modified_gmt":"2018-08-08T10:26:11","slug":"subhasta","status":"publish","type":"page","link":"https:\/\/cpllanca.cat\/index.php\/subhasta\/","title":{"rendered":"Subhasta"},"content":{"rendered":"\t\t<div data-elementor-type=\"wp-post\" data-elementor-id=\"75\" class=\"elementor elementor-75 elementor-bc-flex-widget\" data-elementor-settings=\"[]\">\n\t\t\t\t\t\t<div class=\"elementor-inner\">\n\t\t\t\t\t\t\t<div class=\"elementor-section-wrap\">\n\t\t\t\t\t\t\t<section class=\"elementor-section elementor-top-section elementor-element elementor-element-16bcaba elementor-section-boxed elementor-section-height-default elementor-section-height-default\" data-id=\"16bcaba\" data-element_type=\"section\">\n\t\t\t\t\t\t<div class=\"elementor-container elementor-column-gap-default\">\n\t\t\t\t\t\t\t<div class=\"elementor-row\">\n\t\t\t\t\t<div class=\"elementor-column elementor-col-100 elementor-top-column elementor-element elementor-element-e8fcea6\" data-id=\"e8fcea6\" data-element_type=\"column\">\n\t\t\t<div class=\"elementor-column-wrap elementor-element-populated\">\n\t\t\t\t\t\t\t<div class=\"elementor-widget-wrap\">\n\t\t\t\t\t\t<div class=\"elementor-element elementor-element-69d6b03 elementor-arrows-position-outside elementor-widget elementor-widget-image-carousel\" data-id=\"69d6b03\" data-element_type=\"widget\" data-settings=\"{&quot;slides_to_show&quot;:&quot;1&quot;,&quot;navigation&quot;:&quot;arrows&quot;,&quot;autoplay&quot;:&quot;yes&quot;,&quot;pause_on_hover&quot;:&quot;yes&quot;,&quot;pause_on_interaction&quot;:&quot;yes&quot;,&quot;autoplay_speed&quot;:5000,&quot;infinite&quot;:&quot;yes&quot;,&quot;effect&quot;:&quot;slide&quot;,&quot;speed&quot;:500}\" data-widget_type=\"image-carousel.default\">\n\t\t\t\t<div class=\"elementor-widget-container\">\n\t\t\t\t\t<div class=\"elementor-image-carousel-wrapper swiper-container\" dir=\"ltr\">\n\t\t\t<div class=\"elementor-image-carousel swiper-wrapper\">\n\t\t\t\t\t\t\t\t<div class=\"swiper-slide\"><figure class=\"swiper-slide-inner\"><img class=\"swiper-slide-image\" src=\"https:\/\/cpllanca.cat\/wp-content\/uploads\/2018\/08\/subasta4-2.png\" alt=\"subasta4-2\" \/><\/figure><\/div><div class=\"swiper-slide\"><figure class=\"swiper-slide-inner\"><img class=\"swiper-slide-image\" src=\"https:\/\/cpllanca.cat\/wp-content\/uploads\/2018\/08\/subastapes.png\" alt=\"subastapes\" \/><\/figure><\/div><div class=\"swiper-slide\"><figure class=\"swiper-slide-inner\"><img class=\"swiper-slide-image\" src=\"https:\/\/cpllanca.cat\/wp-content\/uploads\/2018\/08\/subasta1-768x519.png\" alt=\"subasta1\" \/><\/figure><\/div><div class=\"swiper-slide\"><figure class=\"swiper-slide-inner\"><img class=\"swiper-slide-image\" src=\"https:\/\/cpllanca.cat\/wp-content\/uploads\/2018\/08\/subasta2.png\" alt=\"subasta2\" \/><\/figure><\/div><div class=\"swiper-slide\"><figure class=\"swiper-slide-inner\"><img class=\"swiper-slide-image\" src=\"https:\/\/cpllanca.cat\/wp-content\/uploads\/2018\/08\/subasta3.png\" alt=\"subasta3\" \/><\/figure><\/div><div class=\"swiper-slide\"><figure class=\"swiper-slide-inner\"><img class=\"swiper-slide-image\" src=\"https:\/\/cpllanca.cat\/wp-content\/uploads\/2018\/08\/subasta5.png\" alt=\"subasta5\" \/><\/figure><\/div><div class=\"swiper-slide\"><figure class=\"swiper-slide-inner\"><img class=\"swiper-slide-image\" src=\"https:\/\/cpllanca.cat\/wp-content\/uploads\/2018\/08\/DSC_0453-768x514.jpg\" alt=\"DSC_0453\" \/><\/figure><\/div><div class=\"swiper-slide\"><figure class=\"swiper-slide-inner\"><img class=\"swiper-slide-image\" src=\"https:\/\/cpllanca.cat\/wp-content\/uploads\/2018\/08\/DSC_0455-768x514.jpg\" alt=\"DSC_0455\" \/><\/figure><\/div><div class=\"swiper-slide\"><figure class=\"swiper-slide-inner\"><img class=\"swiper-slide-image\" src=\"https:\/\/cpllanca.cat\/wp-content\/uploads\/2018\/08\/DSC_0460-768x514.jpg\" alt=\"DSC_0460\" \/><\/figure><\/div>\t\t\t<\/div>\n\t\t\t\t\t\t\t\t\t\t\t\t\t\t\t\t<div class=\"elementor-swiper-button elementor-swiper-button-prev\">\n\t\t\t\t\t\t<i aria-hidden=\"true\" class=\"eicon-chevron-left\"><\/i>\t\t\t\t\t\t<span class=\"elementor-screen-only\">Anterior<\/span>\n\t\t\t\t\t<\/div>\n\t\t\t\t\t<div class=\"elementor-swiper-button elementor-swiper-button-next\">\n\t\t\t\t\t\t<i aria-hidden=\"true\" class=\"eicon-chevron-right\"><\/i>\t\t\t\t\t\t<span class=\"elementor-screen-only\">Siguiente<\/span>\n\t\t\t\t\t<\/div>\n\t\t\t\t\t\t\t\t\t<\/div>\n\t\t\t\t<\/div>\n\t\t\t\t<\/div>\n\t\t\t\t\t\t<\/div>\n\t\t\t\t\t<\/div>\n\t\t<\/div>\n\t\t\t\t\t\t\t\t<\/div>\n\t\t\t\t\t<\/div>\n\t\t<\/section>\n\t\t\t\t<section class=\"elementor-section elementor-top-section elementor-element elementor-element-7e67129 elementor-section-boxed elementor-section-height-default elementor-section-height-default\" data-id=\"7e67129\" data-element_type=\"section\">\n\t\t\t\t\t\t<div class=\"elementor-container elementor-column-gap-default\">\n\t\t\t\t\t\t\t<div class=\"elementor-row\">\n\t\t\t\t\t<div class=\"elementor-column elementor-col-100 elementor-top-column elementor-element elementor-element-d0c762a\" data-id=\"d0c762a\" data-element_type=\"column\">\n\t\t\t<div class=\"elementor-column-wrap elementor-element-populated\">\n\t\t\t\t\t\t\t<div class=\"elementor-widget-wrap\">\n\t\t\t\t\t\t<div class=\"elementor-element elementor-element-bac430e elementor-widget elementor-widget-text-editor\" data-id=\"bac430e\" data-element_type=\"widget\" data-widget_type=\"text-editor.default\">\n\t\t\t\t<div class=\"elementor-widget-container\">\n\t\t\t\t\t\t\t\t<div class=\"elementor-text-editor elementor-clearfix\">\n\t\t\t\t<p>La llotja de peix es aquell espai, preparat a tal efecte, on es realitza la primera venda dels productes pesquers. Habitualment es localitza als ports pesquers, al mateix moll, i les gestiona, en molts llocs, les confraries de pescadors.<\/p><p>El productors (pescadors i mariscadors) han de comercialitzar els seus productes mitjan\u00e7ant qualsevol m\u00e8tode adm\u00e8s per dret, tal com s\u2019especifica al RD 418\/2015, de 29 de maig, per el qual es regula la primera venda dels productes pesquers. Aix\u00ed la llotja s\u2019esdev\u00e9 com un establiment autoritzar com a primer expedidor.<\/p><p>Les subhastes han experimentat un gran canvi en aquest \u00faltims anys, com \u00e9s la informatitzaci\u00f3 del proc\u00e9s de subhasta, per tal de complir amb la normativa.\u00a0 Aquestes emeten les corresponents notes de venda, o document de tra\u00e7abilitat, declaraci\u00f3 de recollida, document de transport i la transmissi\u00f3 de dades i informaci\u00f3 a l\u2019Administraci\u00f3.<\/p><p>Queden molt poques llotges que realitzin la subhasta a veu de forma tradicional, tot i aix\u00ed, tant el sistema tradicional com el informatitzat, es subhasta \u201ca la holandesa\u201d, en la que el subhastador comen\u00e7a amb un preu elevat i va baixant fins que algun comprador para la venda al considerar que es un preu ajustat a les seves previsions de venda.<\/p><p>Ara no \u00fanicament hi ha compradors presencials, tamb\u00e9 hi ha compradors remots que compren des de casa seva o des de la seva empresa, mitjan\u00e7ant un portal d\u2019internet denominat Mercapesca.<\/p>\t\t\t\t\t<\/div>\n\t\t\t\t\t\t<\/div>\n\t\t\t\t<\/div>\n\t\t\t\t\t\t<\/div>\n\t\t\t\t\t<\/div>\n\t\t<\/div>\n\t\t\t\t\t\t\t\t<\/div>\n\t\t\t\t\t<\/div>\n\t\t<\/section>\n\t\t\t\t\t\t<\/div>\n\t\t\t\t\t\t<\/div>\n\t\t\t\t\t<\/div>\n\t\t","protected":false},"excerpt":{"rendered":"<p>La llotja de peix es aquell espai, preparat a tal efecte, on es realitza la primera venda dels productes pesquers. Habitualment es localitza als ports pesquers, al mateix moll, i les gestiona, en molts llocs, les confraries de pescadors. El productors (pescadors i mariscadors) han de comercialitzar els seus productes mitjan\u00e7ant qualsevol m\u00e8tode adm\u00e8s per <a class=\"read-more\" href=\"https:\/\/cpllanca.cat\/index.php\/subhasta\/\">Read More<\/a><\/p>\n","protected":false},"author":1,"featured_media":0,"parent":0,"menu_order":0,"comment_status":"closed","ping_status":"closed","template":"","meta":[],"_links":{"self":[{"href":"https:\/\/cpllanca.cat\/index.php\/wp-json\/wp\/v2\/pages\/75"}],"collection":[{"href":"https:\/\/cpllanca.cat\/index.php\/wp-json\/wp\/v2\/pages"}],"about":[{"href":"https:\/\/cpllanca.cat\/index.php\/wp-json\/wp\/v2\/types\/page"}],"author":[{"embeddable":true,"href":"https:\/\/cpllanca.cat\/index.php\/wp-json\/wp\/v2\/users\/1"}],"replies":[{"embeddable":true,"href":"https:\/\/cpllanca.cat\/index.php\/wp-json\/wp\/v2\/comments?post=75"}],"version-history":[{"count":5,"href":"https:\/\/cpllanca.cat\/index.php\/wp-json\/wp\/v2\/pages\/75\/revisions"}],"predecessor-version":[{"id":477,"href":"https:\/\/cpllanca.cat\/index.php\/wp-json\/wp\/v2\/pages\/75\/revisions\/477"}],"wp:attachment":[{"href":"https:\/\/cpllanca.cat\/index.php\/wp-json\/wp\/v2\/media?parent=75"}],"curies":[{"name":"wp","href":"https:\/\/api.w.org\/{rel}","templated":true}]}}