{"id":2,"date":"2018-05-21T08:34:07","date_gmt":"2018-05-21T08:34:07","guid":{"rendered":"https:\/\/cpllanca.cat\/?page_id=2"},"modified":"2023-09-13T15:41:18","modified_gmt":"2023-09-13T15:41:18","slug":"pagina-ejemplo","status":"publish","type":"page","link":"https:\/\/cpllanca.cat\/","title":{"rendered":"P\u00e1gina de ejemplo"},"content":{"rendered":"\t\t<div data-elementor-type=\"wp-post\" data-elementor-id=\"2\" class=\"elementor elementor-2\" data-elementor-settings=\"[]\">\n\t\t\t\t\t\t<div class=\"elementor-inner\">\n\t\t\t\t\t\t\t<div class=\"elementor-section-wrap\">\n\t\t\t\t\t\t\t<section class=\"elementor-section elementor-top-section elementor-element elementor-element-5507926c elementor-section-boxed elementor-section-height-default elementor-section-height-default\" data-id=\"5507926c\" data-element_type=\"section\">\n\t\t\t\t\t\t<div class=\"elementor-container elementor-column-gap-default\">\n\t\t\t\t\t\t\t<div class=\"elementor-row\">\n\t\t\t\t\t<div class=\"elementor-column elementor-col-100 elementor-top-column elementor-element elementor-element-68944a88\" data-id=\"68944a88\" data-element_type=\"column\">\n\t\t\t<div class=\"elementor-column-wrap elementor-element-populated\">\n\t\t\t\t\t\t\t<div class=\"elementor-widget-wrap\">\n\t\t\t\t\t\t<div class=\"elementor-element elementor-element-5ed5fe8 elementor-widget elementor-widget-text-editor\" data-id=\"5ed5fe8\" data-element_type=\"widget\" data-widget_type=\"text-editor.default\">\n\t\t\t\t<div class=\"elementor-widget-container\">\n\t\t\t\t\t\t\t\t<div class=\"elementor-text-editor elementor-clearfix\">\n\t\t\t\t<h1 style=\"font-family: Poppins, sans-serif; color: #000000;\">Benvinguts a la Confraria de Pescadors del Port de Llan\u00e7\u00e0<\/h1>\t\t\t\t\t<\/div>\n\t\t\t\t\t\t<\/div>\n\t\t\t\t<\/div>\n\t\t\t\t<div class=\"elementor-element elementor-element-71a02da elementor-widget-divider--view-line elementor-widget elementor-widget-divider\" data-id=\"71a02da\" data-element_type=\"widget\" data-widget_type=\"divider.default\">\n\t\t\t\t<div class=\"elementor-widget-container\">\n\t\t\t\t\t<div class=\"elementor-divider\">\n\t\t\t<span class=\"elementor-divider-separator\">\n\t\t\t\t\t\t<\/span>\n\t\t<\/div>\n\t\t\t\t<\/div>\n\t\t\t\t<\/div>\n\t\t\t\t<div class=\"elementor-element elementor-element-1c7b6adb elementor-widget elementor-widget-text-editor\" data-id=\"1c7b6adb\" data-element_type=\"widget\" data-widget_type=\"text-editor.default\">\n\t\t\t\t<div class=\"elementor-widget-container\">\n\t\t\t\t\t\t\t\t<div class=\"elementor-text-editor elementor-clearfix\">\n\t\t\t\t<p>La Confraria de Pescadors del Port de Llan\u00e7\u00e0 es constitueix com a corporaci\u00f3 de dret p\u00fablic, de base representativa i sense \u00e0nim de lucre, amb personalitat jur\u00eddica pr\u00f2pia i capacitat d&#8217;obrar pel compliment de les seves finalitats, exercint la representaci\u00f3 de tot el sector pesquer professional en l&#8217;\u00e0mbit jurisdiccional propi.<\/p><p>Actua com a \u00f2rgan de consulta i col\u00b7laboraci\u00f3 de l&#8217;Administraci\u00f3 de la Generalitat, amb l&#8217;objectiu de promoure i impulsar els interessos pesquers, extaractius i comercials.<\/p><p>El seu \u00e0mbit territorial s&#8217;est\u00e9n des del Rec d&#8217;en Feliu, l\u00edmit del terme municipal amb el Port de la Selva fins a la frontera francesa. L&#8217;\u00e0mbit territorial s&#8217;estableix sense perjudici de les activitats que es puguin desenvolupar en un \u00e0mbit geogr\u00e0fic superior, en defensa del sector i de la comercialitzaci\u00f3 dels productes.<\/p>\t\t\t\t\t<\/div>\n\t\t\t\t\t\t<\/div>\n\t\t\t\t<\/div>\n\t\t\t\t\t\t<\/div>\n\t\t\t\t\t<\/div>\n\t\t<\/div>\n\t\t\t\t\t\t\t\t<\/div>\n\t\t\t\t\t<\/div>\n\t\t<\/section>\n\t\t\t\t<section class=\"elementor-section elementor-top-section elementor-element elementor-element-5a02b3a elementor-section-boxed elementor-section-height-default elementor-section-height-default\" data-id=\"5a02b3a\" data-element_type=\"section\">\n\t\t\t\t\t\t<div class=\"elementor-container elementor-column-gap-default\">\n\t\t\t\t\t\t\t<div class=\"elementor-row\">\n\t\t\t\t\t<div class=\"elementor-column elementor-col-50 elementor-top-column elementor-element elementor-element-2b8a94d\" data-id=\"2b8a94d\" data-element_type=\"column\">\n\t\t\t<div class=\"elementor-column-wrap elementor-element-populated\">\n\t\t\t\t\t\t\t<div class=\"elementor-widget-wrap\">\n\t\t\t\t\t\t<div class=\"elementor-element elementor-element-b305f63 elementor-widget elementor-widget-google_maps\" data-id=\"b305f63\" data-element_type=\"widget\" data-widget_type=\"google_maps.default\">\n\t\t\t\t<div class=\"elementor-widget-container\">\n\t\t\t\t\t<div class=\"elementor-custom-embed\">\n\t\t\t<iframe frameborder=\"0\" scrolling=\"no\" marginheight=\"0\" marginwidth=\"0\"\n\t\t\t\t\tsrc=\"https:\/\/maps.google.com\/maps?q=Port%20Pesquer%20s%2Fn%2017490%20Llan%C3%A7a&#038;t=m&#038;z=15&#038;output=embed&#038;iwloc=near\"\n\t\t\t\t\ttitle=\"Port Pesquer s\/n 17490 Llan\u00e7a\"\n\t\t\t\t\taria-label=\"Port Pesquer s\/n 17490 Llan\u00e7a\"\n\t\t\t><\/iframe>\n\t\t<\/div>\n\t\t\t\t<\/div>\n\t\t\t\t<\/div>\n\t\t\t\t\t\t<\/div>\n\t\t\t\t\t<\/div>\n\t\t<\/div>\n\t\t\t\t<div class=\"elementor-column elementor-col-50 elementor-top-column elementor-element elementor-element-cc726a3\" data-id=\"cc726a3\" data-element_type=\"column\">\n\t\t\t<div class=\"elementor-column-wrap elementor-element-populated\">\n\t\t\t\t\t\t\t<div class=\"elementor-widget-wrap\">\n\t\t\t\t\t\t<div class=\"elementor-element elementor-element-a25e72d elementor-widget elementor-widget-text-editor\" data-id=\"a25e72d\" data-element_type=\"widget\" data-widget_type=\"text-editor.default\">\n\t\t\t\t<div class=\"elementor-widget-container\">\n\t\t\t\t\t\t\t\t<div class=\"elementor-text-editor elementor-clearfix\">\n\t\t\t\t<p>Localitzaci\u00f3:<\/p><p>Port Pesquer s\/n<\/p><p>Apartat de correus 120<br \/>17490 Llan\u00e7\u00e0 (Alt Empord\u00e0)<br \/>Telef. 972 380 362<br \/>Fax 927 120 477<br \/><a href=\"mailto:confraria@cpllanca.com\">confraria@cpllanca.com<\/a><\/p>\t\t\t\t\t<\/div>\n\t\t\t\t\t\t<\/div>\n\t\t\t\t<\/div>\n\t\t\t\t\t\t<\/div>\n\t\t\t\t\t<\/div>\n\t\t<\/div>\n\t\t\t\t\t\t\t\t<\/div>\n\t\t\t\t\t<\/div>\n\t\t<\/section>\n\t\t\t\t\t\t<\/div>\n\t\t\t\t\t\t<\/div>\n\t\t\t\t\t<\/div>\n\t\t","protected":false},"excerpt":{"rendered":"<p>Benvinguts a la Confraria de Pescadors del Port de Llan\u00e7\u00e0 La Confraria de Pescadors del Port de Llan\u00e7\u00e0 es constitueix com a corporaci\u00f3 de dret p\u00fablic, de base representativa i sense \u00e0nim de lucre, amb personalitat jur\u00eddica pr\u00f2pia i capacitat d&#8217;obrar pel compliment de les seves finalitats, exercint la representaci\u00f3 de tot el sector pesquer <a class=\"read-more\" href=\"https:\/\/cpllanca.cat\/\">Read More<\/a><\/p>\n","protected":false},"author":1,"featured_media":29,"parent":0,"menu_order":0,"comment_status":"closed","ping_status":"open","template":"","meta":[],"_links":{"self":[{"href":"https:\/\/cpllanca.cat\/index.php\/wp-json\/wp\/v2\/pages\/2"}],"collection":[{"href":"https:\/\/cpllanca.cat\/index.php\/wp-json\/wp\/v2\/pages"}],"about":[{"href":"https:\/\/cpllanca.cat\/index.php\/wp-json\/wp\/v2\/types\/page"}],"author":[{"embeddable":true,"href":"https:\/\/cpllanca.cat\/index.php\/wp-json\/wp\/v2\/users\/1"}],"replies":[{"embeddable":true,"href":"https:\/\/cpllanca.cat\/index.php\/wp-json\/wp\/v2\/comments?post=2"}],"version-history":[{"count":19,"href":"https:\/\/cpllanca.cat\/index.php\/wp-json\/wp\/v2\/pages\/2\/revisions"}],"predecessor-version":[{"id":838,"href":"https:\/\/cpllanca.cat\/index.php\/wp-json\/wp\/v2\/pages\/2\/revisions\/838"}],"wp:featuredmedia":[{"embeddable":true,"href":"https:\/\/cpllanca.cat\/index.php\/wp-json\/wp\/v2\/media\/29"}],"wp:attachment":[{"href":"https:\/\/cpllanca.cat\/index.php\/wp-json\/wp\/v2\/media?parent=2"}],"curies":[{"name":"wp","href":"https:\/\/api.w.org\/{rel}","templated":true}]}}