{"id":145,"date":"2018-07-11T14:22:15","date_gmt":"2018-07-11T14:22:15","guid":{"rendered":"https:\/\/cpllanca.cat\/?page_id=145"},"modified":"2018-08-02T07:24:10","modified_gmt":"2018-08-02T07:24:10","slug":"breu-explicacio","status":"publish","type":"page","link":"https:\/\/cpllanca.cat\/index.php\/breu-explicacio\/","title":{"rendered":"Breu Explicaci\u00f3"},"content":{"rendered":"\t\t<div data-elementor-type=\"wp-post\" data-elementor-id=\"145\" class=\"elementor elementor-145 elementor-bc-flex-widget\" data-elementor-settings=\"[]\">\n\t\t\t\t\t\t<div class=\"elementor-inner\">\n\t\t\t\t\t\t\t<div class=\"elementor-section-wrap\">\n\t\t\t\t\t\t\t<section class=\"elementor-section elementor-top-section elementor-element elementor-element-43bfeed elementor-section-boxed elementor-section-height-default elementor-section-height-default\" data-id=\"43bfeed\" data-element_type=\"section\">\n\t\t\t\t\t\t<div class=\"elementor-container elementor-column-gap-default\">\n\t\t\t\t\t\t\t<div class=\"elementor-row\">\n\t\t\t\t\t<div class=\"elementor-column elementor-col-100 elementor-top-column elementor-element elementor-element-b005ced\" data-id=\"b005ced\" data-element_type=\"column\">\n\t\t\t<div class=\"elementor-column-wrap elementor-element-populated\">\n\t\t\t\t\t\t\t<div class=\"elementor-widget-wrap\">\n\t\t\t\t\t\t<div class=\"elementor-element elementor-element-c38d44a elementor-widget elementor-widget-text-editor\" data-id=\"c38d44a\" data-element_type=\"widget\" data-widget_type=\"text-editor.default\">\n\t\t\t\t<div class=\"elementor-widget-container\">\n\t\t\t\t\t\t\t\t<div class=\"elementor-text-editor elementor-clearfix\">\n\t\t\t\t<p class=\"MsoNormal\" style=\"text-align: left;\" align=\"center\"><span lang=\"CA\" style=\"font-size: 12.0pt; line-height: 115%; font-family: 'Arial','sans-serif'; mso-ansi-language: CA;\">El Departament d\u2019Agricultura, Ramaderia, Pesca, Alimentaci\u00f3 i Medi Natural, mitjan\u00e7ant el Decret 87\/2012, de 31 de juliol, regul\u00e0 l\u2019activitat de pesca-turisme, turisme pesquer i aq\u00fc\u00edcola i les demostracions de pesca en aig\u00fces mar\u00edtimes i continentals de Catalunya.<\/span><\/p><p class=\"MsoNormal\" style=\"text-align: left;\" align=\"center\"><span lang=\"CA\" style=\"font-size: 12.0pt; line-height: 115%; font-family: 'Arial','sans-serif'; mso-ansi-language: CA;\">Amb aquesta activitat el sector de la pesca pot assolir una diversificaci\u00f3 i millora econ\u00f2mica, la promoci\u00f3 dels seus productes i, alhora, l\u2019apropament a la ciutadania des de diferents perspectives, com ara la cultural, la gastron\u00f2mica, la tecnol\u00f2gica o la social. Tamb\u00e9 serveix per revaloritzar els productes de la pesca de Catalunya i els diferents oficis relacionats i promoure la recuperaci\u00f3 de la cultura, les tradicions i el patrimoni vinculat a les activitats i al oficis relacionats amb aquestes professions.<\/span><\/p><p class=\"MsoNormal\" style=\"text-align: left;\" align=\"center\"><span lang=\"CA\" style=\"font-size: 12.0pt; line-height: 115%; font-family: 'Arial','sans-serif'; mso-ansi-language: CA;\">Les empreses i embarcacions que realitzen aquestes activitats, autoritzades per a tal finalitat, s\u2019identifiquen amb el seg\u00fcent logo:<\/span><\/p>\t\t\t\t\t<\/div>\n\t\t\t\t\t\t<\/div>\n\t\t\t\t<\/div>\n\t\t\t\t<div class=\"elementor-element elementor-element-d76a546 elementor-widget elementor-widget-image\" data-id=\"d76a546\" data-element_type=\"widget\" data-widget_type=\"image.default\">\n\t\t\t\t<div class=\"elementor-widget-container\">\n\t\t\t\t\t\t\t\t<div class=\"elementor-image\">\n\t\t\t\t\t\t\t\t\t\t\t\t<img width=\"653\" height=\"527\" src=\"https:\/\/cpllanca.cat\/wp-content\/uploads\/2018\/08\/logo1.png\" class=\"attachment-large size-large\" alt=\"\" loading=\"lazy\" srcset=\"https:\/\/cpllanca.cat\/wp-content\/uploads\/2018\/08\/logo1.png 653w, https:\/\/cpllanca.cat\/wp-content\/uploads\/2018\/08\/logo1-300x242.png 300w\" sizes=\"(max-width: 653px) 100vw, 653px\" \/>\t\t\t\t\t\t\t\t\t\t\t\t\t\t<\/div>\n\t\t\t\t\t\t<\/div>\n\t\t\t\t<\/div>\n\t\t\t\t\t\t<\/div>\n\t\t\t\t\t<\/div>\n\t\t<\/div>\n\t\t\t\t\t\t\t\t<\/div>\n\t\t\t\t\t<\/div>\n\t\t<\/section>\n\t\t\t\t\t\t<\/div>\n\t\t\t\t\t\t<\/div>\n\t\t\t\t\t<\/div>\n\t\t","protected":false},"excerpt":{"rendered":"<p>El Departament d\u2019Agricultura, Ramaderia, Pesca, Alimentaci\u00f3 i Medi Natural, mitjan\u00e7ant el Decret 87\/2012, de 31 de juliol, regul\u00e0 l\u2019activitat de pesca-turisme, turisme pesquer i aq\u00fc\u00edcola i les demostracions de pesca en aig\u00fces mar\u00edtimes i continentals de Catalunya. Amb aquesta activitat el sector de la pesca pot assolir una diversificaci\u00f3 i millora econ\u00f2mica, la promoci\u00f3 dels <a class=\"read-more\" href=\"https:\/\/cpllanca.cat\/index.php\/breu-explicacio\/\">Read More<\/a><\/p>\n","protected":false},"author":1,"featured_media":0,"parent":0,"menu_order":0,"comment_status":"closed","ping_status":"closed","template":"","meta":[],"_links":{"self":[{"href":"https:\/\/cpllanca.cat\/index.php\/wp-json\/wp\/v2\/pages\/145"}],"collection":[{"href":"https:\/\/cpllanca.cat\/index.php\/wp-json\/wp\/v2\/pages"}],"about":[{"href":"https:\/\/cpllanca.cat\/index.php\/wp-json\/wp\/v2\/types\/page"}],"author":[{"embeddable":true,"href":"https:\/\/cpllanca.cat\/index.php\/wp-json\/wp\/v2\/users\/1"}],"replies":[{"embeddable":true,"href":"https:\/\/cpllanca.cat\/index.php\/wp-json\/wp\/v2\/comments?post=145"}],"version-history":[{"count":3,"href":"https:\/\/cpllanca.cat\/index.php\/wp-json\/wp\/v2\/pages\/145\/revisions"}],"predecessor-version":[{"id":377,"href":"https:\/\/cpllanca.cat\/index.php\/wp-json\/wp\/v2\/pages\/145\/revisions\/377"}],"wp:attachment":[{"href":"https:\/\/cpllanca.cat\/index.php\/wp-json\/wp\/v2\/media?parent=145"}],"curies":[{"name":"wp","href":"https:\/\/api.w.org\/{rel}","templated":true}]}}