{"id":122,"date":"2018-07-11T14:16:10","date_gmt":"2018-07-11T14:16:10","guid":{"rendered":"https:\/\/cpllanca.cat\/?page_id=122"},"modified":"2019-11-18T12:25:03","modified_gmt":"2019-11-18T12:25:03","slug":"fitxa-per-embarcacio","status":"publish","type":"page","link":"https:\/\/cpllanca.cat\/index.php\/fitxa-per-embarcacio\/","title":{"rendered":"Fitxa per Embarcaci\u00f3"},"content":{"rendered":"\t\t<div data-elementor-type=\"wp-post\" data-elementor-id=\"122\" class=\"elementor elementor-122\" data-elementor-settings=\"[]\">\n\t\t\t\t\t\t<div class=\"elementor-inner\">\n\t\t\t\t\t\t\t<div class=\"elementor-section-wrap\">\n\t\t\t\t\t\t\t<section class=\"elementor-section elementor-top-section elementor-element elementor-element-248c10d elementor-section-boxed elementor-section-height-default elementor-section-height-default\" data-id=\"248c10d\" data-element_type=\"section\">\n\t\t\t\t\t\t<div class=\"elementor-container elementor-column-gap-default\">\n\t\t\t\t\t\t\t<div class=\"elementor-row\">\n\t\t\t\t\t<div class=\"elementor-column elementor-col-100 elementor-top-column elementor-element elementor-element-e05931e\" data-id=\"e05931e\" data-element_type=\"column\">\n\t\t\t<div class=\"elementor-column-wrap elementor-element-populated\">\n\t\t\t\t\t\t\t<div class=\"elementor-widget-wrap\">\n\t\t\t\t\t\t<div class=\"elementor-element elementor-element-401823c elementor-widget elementor-widget-toggle\" data-id=\"401823c\" data-element_type=\"widget\" data-widget_type=\"toggle.default\">\n\t\t\t\t<div class=\"elementor-widget-container\">\n\t\t\t\t\t<div class=\"elementor-toggle\" role=\"tablist\">\n\t\t\t\t\t\t\t<div class=\"elementor-toggle-item\">\n\t\t\t\t\t<div id=\"elementor-tab-title-6721\" class=\"elementor-tab-title\" data-tab=\"1\" role=\"tab\" aria-controls=\"elementor-tab-content-6721\" aria-expanded=\"false\">\n\t\t\t\t\t\t\t\t\t\t\t\t<span class=\"elementor-toggle-icon elementor-toggle-icon-left\" aria-hidden=\"true\">\n\t\t\t\t\t\t\t\t\t\t\t\t\t\t\t<i class=\"elementor-toggle-icon-closed fa fa-caret-right\"><\/i>\n\t\t\t\t\t\t\t\t<i class=\"elementor-toggle-icon-opened fa fa-caret-up\"><\/i>\n\t\t\t\t\t\t\t\t\t\t\t\t\t<\/span>\n\t\t\t\t\t\t\t\t\t\t\t\t<a href=\"\" class=\"elementor-toggle-title\">Don Borja<\/a>\n\t\t\t\t\t<\/div>\n\n\t\t\t\t\t<div id=\"elementor-tab-content-6721\" class=\"elementor-tab-content elementor-clearfix\" data-tab=\"1\" role=\"tabpanel\" aria-labelledby=\"elementor-tab-title-6721\"><p style=\"text-align: left;\"><img loading=\"lazy\" class=\"size-medium wp-image-230 alignleft\" src=\"https:\/\/cpllanca.cat\/wp-content\/uploads\/2018\/07\/DON-BORJA-300x199.png\" alt=\"\" width=\"300\" height=\"199\" srcset=\"https:\/\/cpllanca.cat\/wp-content\/uploads\/2018\/07\/DON-BORJA-300x199.png 300w, https:\/\/cpllanca.cat\/wp-content\/uploads\/2018\/07\/DON-BORJA.png 334w\" sizes=\"(max-width: 300px) 100vw, 300px\" \/><strong>Matr\u00edcula:<\/strong> HU-2<\/p><p><strong>Foli :<\/strong> 1874<\/p><p><strong>Llista:<\/strong> 3<\/p><p><strong>Modalitat:<\/strong> Arrossegament de fons<\/p><\/div>\n\t\t\t\t<\/div>\n\t\t\t\t\t\t\t<div class=\"elementor-toggle-item\">\n\t\t\t\t\t<div id=\"elementor-tab-title-6722\" class=\"elementor-tab-title\" data-tab=\"2\" role=\"tab\" aria-controls=\"elementor-tab-content-6722\" aria-expanded=\"false\">\n\t\t\t\t\t\t\t\t\t\t\t\t<span class=\"elementor-toggle-icon elementor-toggle-icon-left\" aria-hidden=\"true\">\n\t\t\t\t\t\t\t\t\t\t\t\t\t\t\t<i class=\"elementor-toggle-icon-closed fa fa-caret-right\"><\/i>\n\t\t\t\t\t\t\t\t<i class=\"elementor-toggle-icon-opened fa fa-caret-up\"><\/i>\n\t\t\t\t\t\t\t\t\t\t\t\t\t<\/span>\n\t\t\t\t\t\t\t\t\t\t\t\t<a href=\"\" class=\"elementor-toggle-title\">Costa Mediterr\u00e0nia<\/a>\n\t\t\t\t\t<\/div>\n\n\t\t\t\t\t<div id=\"elementor-tab-content-6722\" class=\"elementor-tab-content elementor-clearfix\" data-tab=\"2\" role=\"tabpanel\" aria-labelledby=\"elementor-tab-title-6722\"><p><img loading=\"lazy\" class=\"size-medium wp-image-231 alignleft\" src=\"https:\/\/cpllanca.cat\/wp-content\/uploads\/2018\/07\/COSTA-MEDITERRANIA-300x196.png\" alt=\"\" width=\"300\" height=\"196\" srcset=\"https:\/\/cpllanca.cat\/wp-content\/uploads\/2018\/07\/COSTA-MEDITERRANIA-300x196.png 300w, https:\/\/cpllanca.cat\/wp-content\/uploads\/2018\/07\/COSTA-MEDITERRANIA.png 333w\" sizes=\"(max-width: 300px) 100vw, 300px\" \/><strong>Matr\u00edcula:<\/strong>\u00a0BA-6<\/p><p><strong>Foli :<\/strong> 3-94<\/p><p><strong>Llista:<\/strong> 3<\/p><p><strong>Modalitat:<\/strong> Arrossegament de fons<\/p><\/div>\n\t\t\t\t<\/div>\n\t\t\t\t\t\t\t<div class=\"elementor-toggle-item\">\n\t\t\t\t\t<div id=\"elementor-tab-title-6723\" class=\"elementor-tab-title\" data-tab=\"3\" role=\"tab\" aria-controls=\"elementor-tab-content-6723\" aria-expanded=\"false\">\n\t\t\t\t\t\t\t\t\t\t\t\t<span class=\"elementor-toggle-icon elementor-toggle-icon-left\" aria-hidden=\"true\">\n\t\t\t\t\t\t\t\t\t\t\t\t\t\t\t<i class=\"elementor-toggle-icon-closed fa fa-caret-right\"><\/i>\n\t\t\t\t\t\t\t\t<i class=\"elementor-toggle-icon-opened fa fa-caret-up\"><\/i>\n\t\t\t\t\t\t\t\t\t\t\t\t\t<\/span>\n\t\t\t\t\t\t\t\t\t\t\t\t<a href=\"\" class=\"elementor-toggle-title\">J. Garriga<\/a>\n\t\t\t\t\t<\/div>\n\n\t\t\t\t\t<div id=\"elementor-tab-content-6723\" class=\"elementor-tab-content elementor-clearfix\" data-tab=\"3\" role=\"tabpanel\" aria-labelledby=\"elementor-tab-title-6723\"><p><img loading=\"lazy\" class=\"size-medium wp-image-232 alignleft\" src=\"https:\/\/cpllanca.cat\/wp-content\/uploads\/2018\/07\/JGARRIGA-300x200.png\" alt=\"\" width=\"300\" height=\"200\" srcset=\"https:\/\/cpllanca.cat\/wp-content\/uploads\/2018\/07\/JGARRIGA-300x200.png 300w, https:\/\/cpllanca.cat\/wp-content\/uploads\/2018\/07\/JGARRIGA.png 325w\" sizes=\"(max-width: 300px) 100vw, 300px\" \/><strong>Matr\u00edcula:<\/strong>\u00a0BA-2<\/p><p><strong>Foli :<\/strong>\u00a01-06<\/p><p><strong>Llista:<\/strong> 3<\/p><p><strong>Modalitat:<\/strong> Arrossegament de fons<\/p><\/div>\n\t\t\t\t<\/div>\n\t\t\t\t\t\t\t<div class=\"elementor-toggle-item\">\n\t\t\t\t\t<div id=\"elementor-tab-title-6724\" class=\"elementor-tab-title\" data-tab=\"4\" role=\"tab\" aria-controls=\"elementor-tab-content-6724\" aria-expanded=\"false\">\n\t\t\t\t\t\t\t\t\t\t\t\t<span class=\"elementor-toggle-icon elementor-toggle-icon-left\" aria-hidden=\"true\">\n\t\t\t\t\t\t\t\t\t\t\t\t\t\t\t<i class=\"elementor-toggle-icon-closed fa fa-caret-right\"><\/i>\n\t\t\t\t\t\t\t\t<i class=\"elementor-toggle-icon-opened fa fa-caret-up\"><\/i>\n\t\t\t\t\t\t\t\t\t\t\t\t\t<\/span>\n\t\t\t\t\t\t\t\t\t\t\t\t<a href=\"\" class=\"elementor-toggle-title\">Germans Maura<\/a>\n\t\t\t\t\t<\/div>\n\n\t\t\t\t\t<div id=\"elementor-tab-content-6724\" class=\"elementor-tab-content elementor-clearfix\" data-tab=\"4\" role=\"tabpanel\" aria-labelledby=\"elementor-tab-title-6724\"><p><img loading=\"lazy\" class=\"size-medium wp-image-237 alignleft\" src=\"https:\/\/cpllanca.cat\/wp-content\/uploads\/2018\/07\/Germans-maura-300x200.png\" alt=\"\" width=\"300\" height=\"200\" srcset=\"https:\/\/cpllanca.cat\/wp-content\/uploads\/2018\/07\/Germans-maura-300x200.png 300w, https:\/\/cpllanca.cat\/wp-content\/uploads\/2018\/07\/Germans-maura.png 342w\" sizes=\"(max-width: 300px) 100vw, 300px\" \/><strong>Matr\u00edcula:<\/strong>\u00a0TA-1<\/p><p><strong>Foli :<\/strong>\u00a03-91<\/p><p><strong>Llista:<\/strong> 3<\/p><p><strong>Modalitat:<\/strong> Arrossegament de fons<\/p><\/div>\n\t\t\t\t<\/div>\n\t\t\t\t\t\t\t<div class=\"elementor-toggle-item\">\n\t\t\t\t\t<div id=\"elementor-tab-title-6725\" class=\"elementor-tab-title\" data-tab=\"5\" role=\"tab\" aria-controls=\"elementor-tab-content-6725\" aria-expanded=\"false\">\n\t\t\t\t\t\t\t\t\t\t\t\t<span class=\"elementor-toggle-icon elementor-toggle-icon-left\" aria-hidden=\"true\">\n\t\t\t\t\t\t\t\t\t\t\t\t\t\t\t<i class=\"elementor-toggle-icon-closed fa fa-caret-right\"><\/i>\n\t\t\t\t\t\t\t\t<i class=\"elementor-toggle-icon-opened fa fa-caret-up\"><\/i>\n\t\t\t\t\t\t\t\t\t\t\t\t\t<\/span>\n\t\t\t\t\t\t\t\t\t\t\t\t<a href=\"\" class=\"elementor-toggle-title\">Armonia Uno<\/a>\n\t\t\t\t\t<\/div>\n\n\t\t\t\t\t<div id=\"elementor-tab-content-6725\" class=\"elementor-tab-content elementor-clearfix\" data-tab=\"5\" role=\"tabpanel\" aria-labelledby=\"elementor-tab-title-6725\"><p><img loading=\"lazy\" class=\"size-medium wp-image-238 alignleft\" src=\"https:\/\/cpllanca.cat\/wp-content\/uploads\/2018\/07\/Armonia-uno-300x198.png\" alt=\"\" width=\"300\" height=\"198\" srcset=\"https:\/\/cpllanca.cat\/wp-content\/uploads\/2018\/07\/Armonia-uno-300x198.png 300w, https:\/\/cpllanca.cat\/wp-content\/uploads\/2018\/07\/Armonia-uno.png 335w\" sizes=\"(max-width: 300px) 100vw, 300px\" \/><strong>Matr\u00edcula:<\/strong>\u00a0BA-6<\/p><p><strong>Foli :<\/strong>\u00a03-93<\/p><p><strong>Llista:<\/strong> 3<\/p><p><strong>Modalitat:<\/strong> Arrossegament de fons<\/p><\/div>\n\t\t\t\t<\/div>\n\t\t\t\t\t\t\t<div class=\"elementor-toggle-item\">\n\t\t\t\t\t<div id=\"elementor-tab-title-6726\" class=\"elementor-tab-title\" data-tab=\"6\" role=\"tab\" aria-controls=\"elementor-tab-content-6726\" aria-expanded=\"false\">\n\t\t\t\t\t\t\t\t\t\t\t\t<span class=\"elementor-toggle-icon elementor-toggle-icon-left\" aria-hidden=\"true\">\n\t\t\t\t\t\t\t\t\t\t\t\t\t\t\t<i class=\"elementor-toggle-icon-closed fa fa-caret-right\"><\/i>\n\t\t\t\t\t\t\t\t<i class=\"elementor-toggle-icon-opened fa fa-caret-up\"><\/i>\n\t\t\t\t\t\t\t\t\t\t\t\t\t<\/span>\n\t\t\t\t\t\t\t\t\t\t\t\t<a href=\"\" class=\"elementor-toggle-title\">Palandriu<\/a>\n\t\t\t\t\t<\/div>\n\n\t\t\t\t\t<div id=\"elementor-tab-content-6726\" class=\"elementor-tab-content elementor-clearfix\" data-tab=\"6\" role=\"tabpanel\" aria-labelledby=\"elementor-tab-title-6726\"><p><img loading=\"lazy\" class=\"size-medium wp-image-239 alignleft\" src=\"https:\/\/cpllanca.cat\/wp-content\/uploads\/2018\/07\/Palandriu-300x199.png\" alt=\"\" width=\"300\" height=\"199\" srcset=\"https:\/\/cpllanca.cat\/wp-content\/uploads\/2018\/07\/Palandriu-300x199.png 300w, https:\/\/cpllanca.cat\/wp-content\/uploads\/2018\/07\/Palandriu.png 333w\" sizes=\"(max-width: 300px) 100vw, 300px\" \/><strong>Matr\u00edcula:<\/strong>\u00a0BA-6<\/p><p><strong>Foli :<\/strong>\u00a07-02<\/p><p><strong>Llista:<\/strong> 3<\/p><p><strong>Modalitat:<\/strong> Arrossegament de fons<\/p><\/div>\n\t\t\t\t<\/div>\n\t\t\t\t\t\t\t<div class=\"elementor-toggle-item\">\n\t\t\t\t\t<div id=\"elementor-tab-title-6727\" class=\"elementor-tab-title\" data-tab=\"7\" role=\"tab\" aria-controls=\"elementor-tab-content-6727\" aria-expanded=\"false\">\n\t\t\t\t\t\t\t\t\t\t\t\t<span class=\"elementor-toggle-icon elementor-toggle-icon-left\" aria-hidden=\"true\">\n\t\t\t\t\t\t\t\t\t\t\t\t\t\t\t<i class=\"elementor-toggle-icon-closed fa fa-caret-right\"><\/i>\n\t\t\t\t\t\t\t\t<i class=\"elementor-toggle-icon-opened fa fa-caret-up\"><\/i>\n\t\t\t\t\t\t\t\t\t\t\t\t\t<\/span>\n\t\t\t\t\t\t\t\t\t\t\t\t<a href=\"\" class=\"elementor-toggle-title\">La Palandriu<\/a>\n\t\t\t\t\t<\/div>\n\n\t\t\t\t\t<div id=\"elementor-tab-content-6727\" class=\"elementor-tab-content elementor-clearfix\" data-tab=\"7\" role=\"tabpanel\" aria-labelledby=\"elementor-tab-title-6727\"><p><strong>\u00a0<\/strong><\/p><p><img loading=\"lazy\" class=\"size-medium wp-image-241 alignleft\" src=\"https:\/\/cpllanca.cat\/wp-content\/uploads\/2018\/07\/LA-PALANDRIU-300x200.png\" alt=\"\" width=\"300\" height=\"200\" srcset=\"https:\/\/cpllanca.cat\/wp-content\/uploads\/2018\/07\/LA-PALANDRIU-300x200.png 300w, https:\/\/cpllanca.cat\/wp-content\/uploads\/2018\/07\/LA-PALANDRIU.png 335w\" sizes=\"(max-width: 300px) 100vw, 300px\" \/><\/p><p><strong>Matr\u00edcula:<\/strong>\u00a0BA-6<\/p><p><strong>Foli :<\/strong>\u00a02-01<\/p><p><strong>Llista:<\/strong> 3<\/p><p><strong>Modalitat:<\/strong> Palangre de fons<\/p><\/div>\n\t\t\t\t<\/div>\n\t\t\t\t\t\t\t<div class=\"elementor-toggle-item\">\n\t\t\t\t\t<div id=\"elementor-tab-title-6728\" class=\"elementor-tab-title\" data-tab=\"8\" role=\"tab\" aria-controls=\"elementor-tab-content-6728\" aria-expanded=\"false\">\n\t\t\t\t\t\t\t\t\t\t\t\t<span class=\"elementor-toggle-icon elementor-toggle-icon-left\" aria-hidden=\"true\">\n\t\t\t\t\t\t\t\t\t\t\t\t\t\t\t<i class=\"elementor-toggle-icon-closed fa fa-caret-right\"><\/i>\n\t\t\t\t\t\t\t\t<i class=\"elementor-toggle-icon-opened fa fa-caret-up\"><\/i>\n\t\t\t\t\t\t\t\t\t\t\t\t\t<\/span>\n\t\t\t\t\t\t\t\t\t\t\t\t<a href=\"\" class=\"elementor-toggle-title\">Mar Nova<\/a>\n\t\t\t\t\t<\/div>\n\n\t\t\t\t\t<div id=\"elementor-tab-content-6728\" class=\"elementor-tab-content elementor-clearfix\" data-tab=\"8\" role=\"tabpanel\" aria-labelledby=\"elementor-tab-title-6728\"><p><strong style=\"font-family: Lato, sans-serif; font-size: 15px; font-style: normal;\"><img loading=\"lazy\" class=\"size-medium wp-image-242 alignleft\" src=\"https:\/\/cpllanca.cat\/wp-content\/uploads\/2018\/07\/Mar-nova-300x202.png\" alt=\"\" width=\"300\" height=\"202\" srcset=\"https:\/\/cpllanca.cat\/wp-content\/uploads\/2018\/07\/Mar-nova-300x202.png 300w, https:\/\/cpllanca.cat\/wp-content\/uploads\/2018\/07\/Mar-nova.png 336w\" sizes=\"(max-width: 300px) 100vw, 300px\" \/><\/strong><strong>Matr\u00edcula:<\/strong>\u00a0BA-6<\/p><p><strong>Foli :<\/strong>\u00a01-05<\/p><p><strong>Llista:<\/strong> 3<\/p><p><strong>Modalitat: <\/strong>Arts Menors<\/p><\/div>\n\t\t\t\t<\/div>\n\t\t\t\t\t\t\t<div class=\"elementor-toggle-item\">\n\t\t\t\t\t<div id=\"elementor-tab-title-6729\" class=\"elementor-tab-title\" data-tab=\"9\" role=\"tab\" aria-controls=\"elementor-tab-content-6729\" aria-expanded=\"false\">\n\t\t\t\t\t\t\t\t\t\t\t\t<span class=\"elementor-toggle-icon elementor-toggle-icon-left\" aria-hidden=\"true\">\n\t\t\t\t\t\t\t\t\t\t\t\t\t\t\t<i class=\"elementor-toggle-icon-closed fa fa-caret-right\"><\/i>\n\t\t\t\t\t\t\t\t<i class=\"elementor-toggle-icon-opened fa fa-caret-up\"><\/i>\n\t\t\t\t\t\t\t\t\t\t\t\t\t<\/span>\n\t\t\t\t\t\t\t\t\t\t\t\t<a href=\"\" class=\"elementor-toggle-title\">Jordi<\/a>\n\t\t\t\t\t<\/div>\n\n\t\t\t\t\t<div id=\"elementor-tab-content-6729\" class=\"elementor-tab-content elementor-clearfix\" data-tab=\"9\" role=\"tabpanel\" aria-labelledby=\"elementor-tab-title-6729\"><p><img loading=\"lazy\" class=\"size-medium wp-image-243 alignleft\" src=\"https:\/\/cpllanca.cat\/wp-content\/uploads\/2018\/07\/Jordi-300x200.png\" alt=\"\" width=\"300\" height=\"200\" srcset=\"https:\/\/cpllanca.cat\/wp-content\/uploads\/2018\/07\/Jordi-300x200.png 300w, https:\/\/cpllanca.cat\/wp-content\/uploads\/2018\/07\/Jordi.png 389w\" sizes=\"(max-width: 300px) 100vw, 300px\" \/><strong>Matr\u00edcula:<\/strong>\u00a0BA-1<\/p><p><strong>Foli :<\/strong>\u00a01-99<\/p><p><strong>Llista:<\/strong> 3<\/p><p><strong>Modalitat: <\/strong>Arts Menors<\/p><\/div>\n\t\t\t\t<\/div>\n\t\t\t\t\t\t\t<div class=\"elementor-toggle-item\">\n\t\t\t\t\t<div id=\"elementor-tab-title-67210\" class=\"elementor-tab-title\" data-tab=\"10\" role=\"tab\" aria-controls=\"elementor-tab-content-67210\" aria-expanded=\"false\">\n\t\t\t\t\t\t\t\t\t\t\t\t<span class=\"elementor-toggle-icon elementor-toggle-icon-left\" aria-hidden=\"true\">\n\t\t\t\t\t\t\t\t\t\t\t\t\t\t\t<i class=\"elementor-toggle-icon-closed fa fa-caret-right\"><\/i>\n\t\t\t\t\t\t\t\t<i class=\"elementor-toggle-icon-opened fa fa-caret-up\"><\/i>\n\t\t\t\t\t\t\t\t\t\t\t\t\t<\/span>\n\t\t\t\t\t\t\t\t\t\t\t\t<a href=\"\" class=\"elementor-toggle-title\">Francisca<\/a>\n\t\t\t\t\t<\/div>\n\n\t\t\t\t\t<div id=\"elementor-tab-content-67210\" class=\"elementor-tab-content elementor-clearfix\" data-tab=\"10\" role=\"tabpanel\" aria-labelledby=\"elementor-tab-title-67210\"><p><img loading=\"lazy\" class=\"size-medium wp-image-244 alignleft\" src=\"https:\/\/cpllanca.cat\/wp-content\/uploads\/2018\/07\/Francisca-300x200.png\" alt=\"\" width=\"300\" height=\"200\" srcset=\"https:\/\/cpllanca.cat\/wp-content\/uploads\/2018\/07\/Francisca-300x200.png 300w, https:\/\/cpllanca.cat\/wp-content\/uploads\/2018\/07\/Francisca.png 335w\" sizes=\"(max-width: 300px) 100vw, 300px\" \/><strong>Matr\u00edcula:<\/strong>\u00a0BA-1<\/p><p><strong>Foli :<\/strong>\u00a01-99<\/p><p><strong>Llista:<\/strong> 3<\/p><p><strong>Modalitat: <\/strong>Arts Menors<\/p><\/div>\n\t\t\t\t<\/div>\n\t\t\t\t\t\t\t<div class=\"elementor-toggle-item\">\n\t\t\t\t\t<div id=\"elementor-tab-title-67211\" class=\"elementor-tab-title\" data-tab=\"11\" role=\"tab\" aria-controls=\"elementor-tab-content-67211\" aria-expanded=\"false\">\n\t\t\t\t\t\t\t\t\t\t\t\t<span class=\"elementor-toggle-icon elementor-toggle-icon-left\" aria-hidden=\"true\">\n\t\t\t\t\t\t\t\t\t\t\t\t\t\t\t<i class=\"elementor-toggle-icon-closed fa fa-caret-right\"><\/i>\n\t\t\t\t\t\t\t\t<i class=\"elementor-toggle-icon-opened fa fa-caret-up\"><\/i>\n\t\t\t\t\t\t\t\t\t\t\t\t\t<\/span>\n\t\t\t\t\t\t\t\t\t\t\t\t<a href=\"\" class=\"elementor-toggle-title\">Noll<\/a>\n\t\t\t\t\t<\/div>\n\n\t\t\t\t\t<div id=\"elementor-tab-content-67211\" class=\"elementor-tab-content elementor-clearfix\" data-tab=\"11\" role=\"tabpanel\" aria-labelledby=\"elementor-tab-title-67211\"><p><img loading=\"lazy\" class=\"size-medium wp-image-245 alignleft\" src=\"https:\/\/cpllanca.cat\/wp-content\/uploads\/2018\/07\/Noll-300x212.png\" alt=\"\" width=\"300\" height=\"212\" srcset=\"https:\/\/cpllanca.cat\/wp-content\/uploads\/2018\/07\/Noll-300x212.png 300w, https:\/\/cpllanca.cat\/wp-content\/uploads\/2018\/07\/Noll.png 380w\" sizes=\"(max-width: 300px) 100vw, 300px\" \/><strong>Matr\u00edcula:<\/strong>\u00a0TA-1<\/p><p><strong>Foli :<\/strong>\u00a04-00<\/p><p><strong>Llista:<\/strong> 3<\/p><p><strong>Modalitat: <\/strong>Arts Menors<\/p><\/div>\n\t\t\t\t<\/div>\n\t\t\t\t\t\t\t<div class=\"elementor-toggle-item\">\n\t\t\t\t\t<div id=\"elementor-tab-title-67212\" class=\"elementor-tab-title\" data-tab=\"12\" role=\"tab\" aria-controls=\"elementor-tab-content-67212\" aria-expanded=\"false\">\n\t\t\t\t\t\t\t\t\t\t\t\t<span class=\"elementor-toggle-icon elementor-toggle-icon-left\" aria-hidden=\"true\">\n\t\t\t\t\t\t\t\t\t\t\t\t\t\t\t<i class=\"elementor-toggle-icon-closed fa fa-caret-right\"><\/i>\n\t\t\t\t\t\t\t\t<i class=\"elementor-toggle-icon-opened fa fa-caret-up\"><\/i>\n\t\t\t\t\t\t\t\t\t\t\t\t\t<\/span>\n\t\t\t\t\t\t\t\t\t\t\t\t<a href=\"\" class=\"elementor-toggle-title\">Cap Catalunya<\/a>\n\t\t\t\t\t<\/div>\n\n\t\t\t\t\t<div id=\"elementor-tab-content-67212\" class=\"elementor-tab-content elementor-clearfix\" data-tab=\"12\" role=\"tabpanel\" aria-labelledby=\"elementor-tab-title-67212\"><p><img loading=\"lazy\" class=\"size-medium wp-image-246 alignleft\" style=\"font-style: inherit;\" src=\"https:\/\/cpllanca.cat\/wp-content\/uploads\/2018\/07\/Cap-Catalunya-300x199.png\" alt=\"\" width=\"300\" height=\"199\" srcset=\"https:\/\/cpllanca.cat\/wp-content\/uploads\/2018\/07\/Cap-Catalunya-300x199.png 300w, https:\/\/cpllanca.cat\/wp-content\/uploads\/2018\/07\/Cap-Catalunya.png 337w\" sizes=\"(max-width: 300px) 100vw, 300px\" \/><strong style=\"font-size: 15px;\">Matr\u00edcula:<\/strong><span style=\"font-size: 15px;\">\u00a0BA-6<\/span><\/p><p><strong>Foli :<\/strong>\u00a02330<\/p><p><strong>Llista:<\/strong> 3<\/p><p><strong>Modalitat: <\/strong>Arts Menors<\/p><\/div>\n\t\t\t\t<\/div>\n\t\t\t\t\t\t\t<div class=\"elementor-toggle-item\">\n\t\t\t\t\t<div id=\"elementor-tab-title-67213\" class=\"elementor-tab-title\" data-tab=\"13\" role=\"tab\" aria-controls=\"elementor-tab-content-67213\" aria-expanded=\"false\">\n\t\t\t\t\t\t\t\t\t\t\t\t<span class=\"elementor-toggle-icon elementor-toggle-icon-left\" aria-hidden=\"true\">\n\t\t\t\t\t\t\t\t\t\t\t\t\t\t\t<i class=\"elementor-toggle-icon-closed fa fa-caret-right\"><\/i>\n\t\t\t\t\t\t\t\t<i class=\"elementor-toggle-icon-opened fa fa-caret-up\"><\/i>\n\t\t\t\t\t\t\t\t\t\t\t\t\t<\/span>\n\t\t\t\t\t\t\t\t\t\t\t\t<a href=\"\" class=\"elementor-toggle-title\">Marinada<\/a>\n\t\t\t\t\t<\/div>\n\n\t\t\t\t\t<div id=\"elementor-tab-content-67213\" class=\"elementor-tab-content elementor-clearfix\" data-tab=\"13\" role=\"tabpanel\" aria-labelledby=\"elementor-tab-title-67213\"><p><img loading=\"lazy\" class=\"size-medium wp-image-247 alignleft\" src=\"https:\/\/cpllanca.cat\/wp-content\/uploads\/2018\/07\/Marinada-300x205.png\" alt=\"\" width=\"300\" height=\"205\" srcset=\"https:\/\/cpllanca.cat\/wp-content\/uploads\/2018\/07\/Marinada-300x205.png 300w, https:\/\/cpllanca.cat\/wp-content\/uploads\/2018\/07\/Marinada.png 422w\" sizes=\"(max-width: 300px) 100vw, 300px\" \/><strong>Matr\u00edcula:<\/strong>\u00a0BA-7<\/p><p><strong>Foli :<\/strong>\u00a01053<\/p><p><strong>Llista:<\/strong> 3<\/p><p><strong>Modalitat: <\/strong>Arts Menors<\/p><\/div>\n\t\t\t\t<\/div>\n\t\t\t\t\t\t\t\t<\/div>\n\t\t\t\t<\/div>\n\t\t\t\t<\/div>\n\t\t\t\t\t\t<\/div>\n\t\t\t\t\t<\/div>\n\t\t<\/div>\n\t\t\t\t\t\t\t\t<\/div>\n\t\t\t\t\t<\/div>\n\t\t<\/section>\n\t\t\t\t\t\t<\/div>\n\t\t\t\t\t\t<\/div>\n\t\t\t\t\t<\/div>\n\t\t","protected":false},"excerpt":{"rendered":"<p>Don Borja Matr\u00edcula: HU-2 Foli : 1874 Llista: 3 Modalitat: Arrossegament de fons Costa Mediterr\u00e0nia Matr\u00edcula:\u00a0BA-6 Foli : 3-94 Llista: 3 Modalitat: Arrossegament de fons J. Garriga Matr\u00edcula:\u00a0BA-2 Foli :\u00a01-06 Llista: 3 Modalitat: Arrossegament de fons Germans Maura Matr\u00edcula:\u00a0TA-1 Foli :\u00a03-91 Llista: 3 Modalitat: Arrossegament de fons Armonia Uno Matr\u00edcula:\u00a0BA-6 Foli :\u00a03-93 Llista: 3 Modalitat: <a class=\"read-more\" href=\"https:\/\/cpllanca.cat\/index.php\/fitxa-per-embarcacio\/\">Read More<\/a><\/p>\n","protected":false},"author":1,"featured_media":0,"parent":0,"menu_order":0,"comment_status":"closed","ping_status":"closed","template":"","meta":[],"_links":{"self":[{"href":"https:\/\/cpllanca.cat\/index.php\/wp-json\/wp\/v2\/pages\/122"}],"collection":[{"href":"https:\/\/cpllanca.cat\/index.php\/wp-json\/wp\/v2\/pages"}],"about":[{"href":"https:\/\/cpllanca.cat\/index.php\/wp-json\/wp\/v2\/types\/page"}],"author":[{"embeddable":true,"href":"https:\/\/cpllanca.cat\/index.php\/wp-json\/wp\/v2\/users\/1"}],"replies":[{"embeddable":true,"href":"https:\/\/cpllanca.cat\/index.php\/wp-json\/wp\/v2\/comments?post=122"}],"version-history":[{"count":7,"href":"https:\/\/cpllanca.cat\/index.php\/wp-json\/wp\/v2\/pages\/122\/revisions"}],"predecessor-version":[{"id":738,"href":"https:\/\/cpllanca.cat\/index.php\/wp-json\/wp\/v2\/pages\/122\/revisions\/738"}],"wp:attachment":[{"href":"https:\/\/cpllanca.cat\/index.php\/wp-json\/wp\/v2\/media?parent=122"}],"curies":[{"name":"wp","href":"https:\/\/api.w.org\/{rel}","templated":true}]}}